{"id":17123,"date":"2025-07-16T21:39:19","date_gmt":"2025-07-17T04:39:19","guid":{"rendered":"https:\/\/www.sexdollmini.com\/?post_type=product&#038;p=17123"},"modified":"2025-09-22T01:54:15","modified_gmt":"2025-09-22T08:54:15","slug":"damaris-mini-handheld-60cm-sex-doll","status":"publish","type":"product","link":"https:\/\/www.sexdollmini.com\/sk\/produkt\/damaris-mini-handheld-60cm-sex-doll\/","title":{"rendered":"Ru\u010dn\u00e1 mini b\u00e1bika Damaris s rozmermi 60 cm"},"content":{"rendered":"<p>S rovnak\u00fdmi realistick\u00fdmi text\u00farami a anatomick\u00fdmi detailmi ako b\u00e1biky v plnej ve\u013ekosti boli 60 cm mini TPE sexu\u00e1lne b\u00e1biky zmen\u0161en\u00e9 pre jednoduch\u0161ie pou\u017eitie a prenosnos\u0165. Ich mal\u00e9 telo m\u00e1 ve\u013ek\u00e9, vypukl\u00e9 prsia, ktor\u00e9 dod\u00e1vaj\u00fa sexu\u00e1lnej b\u00e1bike pln\u0161\u00ed vzh\u013ead, a m\u00e1 realistick\u00fa farbu pleti a flexibiln\u00e9 k\u013aby pre prirodzen\u00e9 p\u00f3zovanie.<\/p>\n<p>V\u00fd\u0161ka: 60 cm<br \/>\nHrudn\u00edk: 43 cm<br \/>\nP\u00e1s: 30 cm<br \/>\nObvod bokov: 45 cm<br \/>\n\u0160\u00edrka ramien: 12 cm<br \/>\nH\u013abka vag\u00edny: 9 cm<br \/>\nH\u013abka anusu: 10 cm<br \/>\nHmotnos\u0165: 3 kg<\/p>\n<div style=\"width: 1080px;\" class=\"wp-video\"><video class=\"wp-video-shortcode\" id=\"video-17123-1\" width=\"1080\" height=\"1920\" preload=\"metadata\" controls=\"controls\"><source type=\"video\/mp4\" src=\"https:\/\/www.sexdollmini.com\/wp-content\/uploads\/2025\/07\/Damaris-sex-doll.mp4?_=1\" \/><a href=\"https:\/\/www.sexdollmini.com\/wp-content\/uploads\/2025\/07\/Damaris-sex-doll.mp4\">https:\/\/www.sexdollmini.com\/wp-content\/uploads\/2025\/07\/Damaris-sex-doll.mp4<\/a><\/video><\/div>\n<p>Pros\u00edm, po\u010d\u00edtajte s rozdielom 2-4 cm pri manu\u00e1lnom meran\u00ed z d\u00f4vodu manu\u00e1lneho merania.<\/p>","protected":false},"excerpt":{"rendered":"<p>Tieto 60 cm sexu\u00e1lne b\u00e1biky maj\u00fa bezkonkuren\u010dn\u00fa \u00farove\u0148 realizmu, s\u00fa nielen praktick\u00e9 a cenovo dostupn\u00e9, ale s\u00fa to aj umeleck\u00e9 diela. Mal\u00e9 sexu\u00e1lne b\u00e1biky si m\u00f4\u017eete vystavi\u0165 ako \u0161t\u00fdlov\u00e9 dekor\u00e1cie alebo zmeni\u0165 ich oble\u010denie, aby ste in\u0161pirovali nov\u00e9 sexu\u00e1lne fant\u00e1zie!<\/p>","protected":false},"featured_media":17125,"comment_status":"open","ping_status":"closed","template":"","meta":[],"product_brand":[],"product_cat":[47,74,18,81,24,27,23,70,28,30,38,73,41,82,79,39,66,80,40,31,69,32,77,25,33,29,20,148,21,34,72,19,42,71,76,36,35,84,75,37,78],"product_tag":[],"class_list":{"0":"post-17123","1":"product","2":"type-product","3":"status-publish","4":"has-post-thumbnail","6":"product_cat-60cm-sex-dolls","7":"product_cat-6ye-doll","8":"product_cat-adult-doll","9":"product_cat-aibei-doll","10":"product_cat-american-sex-doll","11":"product_cat-anime-sex-dolls","12":"product_cat-asian-sex-doll","13":"product_cat-axb-doll","14":"product_cat-blonde-sex-doll","15":"product_cat-cheap-sex-doll","16":"product_cat-chubby-sex-dolls","17":"product_cat-climax-doll","18":"product_cat-curvy-sex-dolls","19":"product_cat-dolls-castle","20":"product_cat-elsa-babe","21":"product_cat-fantasy-sex-doll","22":"product_cat-female-sex-dolls","23":"product_cat-fire-doll","24":"product_cat-full-body-sex-dolls","25":"product_cat-full-size-sex-dolls","26":"product_cat-girl-sex-dolls","27":"product_cat-hentai-sex-dolls","28":"product_cat-irontech-sex-dolls","29":"product_cat-japanese-sex-dolls","30":"product_cat-life-like-sex-dolls","31":"product_cat-life-size-sex-dolls","32":"product_cat-love-doll","33":"product_cat-midget-sex-doll","34":"product_cat-miniature-sex-doll","35":"product_cat-petite-sex-dolls","36":"product_cat-qita-doll","37":"product_cat-real-doll","38":"product_cat-skinny-sex-dolls","39":"product_cat-sy-doll","40":"product_cat-tantaly-sex-doll","41":"product_cat-teen-sex-dolls","42":"product_cat-tiny-sex-dolls","43":"product_cat-tpe-sex-dolls","44":"product_cat-wm-doll","45":"product_cat-young-sex-dolls","46":"product_cat-zelex-doll","48":"first","49":"instock","50":"sale","51":"shipping-taxable","52":"purchasable","53":"product-type-simple"},"_links":{"self":[{"href":"https:\/\/www.sexdollmini.com\/sk\/wp-json\/wp\/v2\/product\/17123","targetHints":{"allow":["GET"]}}],"collection":[{"href":"https:\/\/www.sexdollmini.com\/sk\/wp-json\/wp\/v2\/product"}],"about":[{"href":"https:\/\/www.sexdollmini.com\/sk\/wp-json\/wp\/v2\/types\/product"}],"replies":[{"embeddable":true,"href":"https:\/\/www.sexdollmini.com\/sk\/wp-json\/wp\/v2\/comments?post=17123"}],"wp:featuredmedia":[{"embeddable":true,"href":"https:\/\/www.sexdollmini.com\/sk\/wp-json\/wp\/v2\/media\/17125"}],"wp:attachment":[{"href":"https:\/\/www.sexdollmini.com\/sk\/wp-json\/wp\/v2\/media?parent=17123"}],"wp:term":[{"taxonomy":"product_brand","embeddable":true,"href":"https:\/\/www.sexdollmini.com\/sk\/wp-json\/wp\/v2\/product_brand?post=17123"},{"taxonomy":"product_cat","embeddable":true,"href":"https:\/\/www.sexdollmini.com\/sk\/wp-json\/wp\/v2\/product_cat?post=17123"},{"taxonomy":"product_tag","embeddable":true,"href":"https:\/\/www.sexdollmini.com\/sk\/wp-json\/wp\/v2\/product_tag?post=17123"}],"curies":[{"name":"pracovn\u00fd list","href":"https:\/\/api.w.org\/{rel}","templated":true}]}}