{"id":18893,"date":"2025-09-24T06:08:20","date_gmt":"2025-09-24T13:08:20","guid":{"rendered":"https:\/\/www.sexdollmini.com\/?post_type=product&#038;p=18893"},"modified":"2026-05-07T05:01:39","modified_gmt":"2026-05-07T12:01:39","slug":"ellie-65cm-alien-tpe-sex-doll","status":"publish","type":"product","link":"https:\/\/www.sexdollmini.com\/sk\/produkt\/ellie-65cm-alien-tpe-sex-doll\/","title":{"rendered":"Ellie 65cm mimozemsk\u00e1 TPE sexu\u00e1lna b\u00e1bika"},"content":{"rendered":"<h2>Detaily sexu\u00e1lnych b\u00e1bik<\/h2>\n<p>T\u00e1to 65 cm vysok\u00e1 sexu\u00e1lna b\u00e1bika m\u00e1 mimozemsk\u00e9 \u010drty tv\u00e1re s ve\u013ek\u00fdmi modr\u00fdmi o\u010dami, ktor\u00e9 vytv\u00e1raj\u00fa roztomil\u00fd a nevinn\u00fd vzh\u013ead. Ke\u010f pr\u00eddete domov unaven\u00ed po dlhom dni v pr\u00e1ci, poh\u013ead na tak\u00fato nevinn\u00fa tv\u00e1r v\u00e1m okam\u017eite vy\u010dar\u00ed pocit pohodlia a nevysvetlite\u013ene v\u00e1s k nej pritiahne pr\u00ed\u0165a\u017elivos\u0165. Mini sexu\u00e1lna b\u00e1bika je \u0161t\u00edhla a vyroben\u00e1 z TPE, ktor\u00fd p\u00f4sob\u00ed m\u00e4kko a realisticky. Cena tejto mimozemskej sexu\u00e1lnej b\u00e1biky je e\u0161te prijate\u013enej\u0161ia ako cena sexu\u00e1lnej b\u00e1biky v \u017eivotnej ve\u013ekosti.<\/p>\n<p>V\u00fd\u0161ka: 65 cm<br \/>\nHmotnos\u0165: 3,5 kg<br \/>\nHrudn\u00edk: 37 cm<br \/>\nP\u00e1s: 25 cm<br \/>\nBoky: 41 cm<br \/>\nVagin\u00e1lna h\u013abka: 10 cm<br \/>\nAn\u00e1lna h\u013abka: 10 cm<\/p>\n<p>&nbsp;<\/p>\n<p>Pros\u00edm, po\u010d\u00edtajte s rozdielom 2-4 cm pri manu\u00e1lnom meran\u00ed z d\u00f4vodu manu\u00e1lneho merania.<\/p>","protected":false},"excerpt":{"rendered":"<p>Sexu\u00e1lna b\u00e1bika s ve\u013ekos\u0165ou 65 cm sa \u013eahko premiest\u0148uje a m\u00f4\u017eete ju dokonca zdvihn\u00fa\u0165 alebo polo\u017ei\u0165 jednou rukou, \u010do je ve\u013emi v\u00fdhodn\u00e9 pre hr\u00e1\u010dov, ktor\u00ed \u010dasto cestuj\u00fa alebo maj\u00fa \u0165a\u017ekosti s pohybom.<\/p>","protected":false},"featured_media":18915,"comment_status":"open","ping_status":"closed","template":"","meta":[],"product_brand":[],"product_cat":[48,74,49,18,81,24,27,23,70,28,30,38,73,41,82,79,39,66,80,40,31,69,32,77,25,33,29,20,148,21,34,72,19,42,71,76,36,35,84,61,75,37,78],"product_tag":[],"class_list":{"0":"post-18893","1":"product","2":"type-product","3":"status-publish","4":"has-post-thumbnail","6":"product_cat-65cm-sex-dolls","7":"product_cat-6ye-doll","8":"product_cat-70cm-sex-dolls","9":"product_cat-adult-doll","10":"product_cat-aibei-doll","11":"product_cat-american-sex-doll","12":"product_cat-anime-sex-dolls","13":"product_cat-asian-sex-doll","14":"product_cat-axb-doll","15":"product_cat-blonde-sex-doll","16":"product_cat-cheap-sex-doll","17":"product_cat-chubby-sex-dolls","18":"product_cat-climax-doll","19":"product_cat-curvy-sex-dolls","20":"product_cat-dolls-castle","21":"product_cat-elsa-babe","22":"product_cat-fantasy-sex-doll","23":"product_cat-female-sex-dolls","24":"product_cat-fire-doll","25":"product_cat-full-body-sex-dolls","26":"product_cat-full-size-sex-dolls","27":"product_cat-girl-sex-dolls","28":"product_cat-hentai-sex-dolls","29":"product_cat-irontech-sex-dolls","30":"product_cat-japanese-sex-dolls","31":"product_cat-life-like-sex-dolls","32":"product_cat-life-size-sex-dolls","33":"product_cat-love-doll","34":"product_cat-midget-sex-doll","35":"product_cat-miniature-sex-doll","36":"product_cat-petite-sex-dolls","37":"product_cat-qita-doll","38":"product_cat-real-doll","39":"product_cat-skinny-sex-dolls","40":"product_cat-sy-doll","41":"product_cat-tantaly-sex-doll","42":"product_cat-teen-sex-dolls","43":"product_cat-tiny-sex-dolls","44":"product_cat-tpe-sex-dolls","45":"product_cat-us-stock-sex-dolls","46":"product_cat-wm-doll","47":"product_cat-young-sex-dolls","48":"product_cat-zelex-doll","50":"first","51":"instock","52":"sale","53":"shipping-taxable","54":"purchasable","55":"product-type-simple"},"_links":{"self":[{"href":"https:\/\/www.sexdollmini.com\/sk\/wp-json\/wp\/v2\/product\/18893","targetHints":{"allow":["GET"]}}],"collection":[{"href":"https:\/\/www.sexdollmini.com\/sk\/wp-json\/wp\/v2\/product"}],"about":[{"href":"https:\/\/www.sexdollmini.com\/sk\/wp-json\/wp\/v2\/types\/product"}],"replies":[{"embeddable":true,"href":"https:\/\/www.sexdollmini.com\/sk\/wp-json\/wp\/v2\/comments?post=18893"}],"wp:featuredmedia":[{"embeddable":true,"href":"https:\/\/www.sexdollmini.com\/sk\/wp-json\/wp\/v2\/media\/18915"}],"wp:attachment":[{"href":"https:\/\/www.sexdollmini.com\/sk\/wp-json\/wp\/v2\/media?parent=18893"}],"wp:term":[{"taxonomy":"product_brand","embeddable":true,"href":"https:\/\/www.sexdollmini.com\/sk\/wp-json\/wp\/v2\/product_brand?post=18893"},{"taxonomy":"product_cat","embeddable":true,"href":"https:\/\/www.sexdollmini.com\/sk\/wp-json\/wp\/v2\/product_cat?post=18893"},{"taxonomy":"product_tag","embeddable":true,"href":"https:\/\/www.sexdollmini.com\/sk\/wp-json\/wp\/v2\/product_tag?post=18893"}],"curies":[{"name":"pracovn\u00fd list","href":"https:\/\/api.w.org\/{rel}","templated":true}]}}