{"id":15787,"date":"2025-05-10T06:57:49","date_gmt":"2025-05-10T13:57:49","guid":{"rendered":"https:\/\/www.sexdollmini.com\/?post_type=product&#038;p=15787"},"modified":"2026-03-22T10:42:11","modified_gmt":"2026-03-22T17:42:11","slug":"philippa-tiny-flat-chest-sex-doll","status":"publish","type":"product","link":"https:\/\/www.sexdollmini.com\/sl\/izdelek\/philippa-tiny-flat-chest-sex-doll\/","title":{"rendered":"Philippa Majhna Plo\u0161\u010data Prsna Seks Lutka"},"content":{"rendered":"<h2>Podrobnosti o seks lutkah<\/h2>\n<p>Ta TPE seks lutka z ravnim prsnim ko\u0161em je izdelana iz mehkega, ko\u017ei prijaznega materiala. Seks lutka ima \u0161tevilne prednosti. Pred spanjem jo lahko objamete, kar vam lahko prinese nekaj miru. Za seks lutko lahko pripravite tudi razli\u010dna obla\u010dila (profesionalna obla\u010dila, kopalke itd.) za igre vlog, lahko pa jo uporabite tudi kot model tiho\u017eitja za vadbo skiciranja \u010dlove\u0161kega telesa.<br \/>\nTe dejavnosti vam ne morejo le narediti \u017eivljenja bolj zanimivega, ampak vam tudi pomagajo pri sprostitvi in izbolj\u0161anju ustvarjalnosti. Najpomembneje je, da najdete na\u010din interakcije, ki vam daje udobje in sre\u010do.<\/p>\n<p>&nbsp;<\/p>\n<p>Vi\u0161ina: 100 cm<br \/>\nObseg prsi: 46 cm<br \/>\nPas: 38 cm<br \/>\nObseg bokov: 59 cm<br \/>\nGlobina anusa: 8 cm<br \/>\nGlobina vagine: 14 cm<br \/>\nGlobina ustja: 12 cm<br \/>\nNeto te\u017ea: 13 kg<br \/>\nBruto te\u017ea: 15 kg<\/p>\n<p>&nbsp;<\/p>\n<p>Vi\u0161ina: 125 cm<br \/>\nObseg prsi: 55 cm<br \/>\nPas: 42 cm<br \/>\nObseg bokov: 62 cm<br \/>\nGlobina anusa: 16 cm<br \/>\nGlobina vagine: 17 cm<br \/>\nGlobina ustja: 12 cm<br \/>\nNeto te\u017ea: 17 kg<br \/>\nBruto te\u017ea: 20 kg<\/p>\n<p>&nbsp;<\/p>\n<p>&nbsp;<\/p>\n<p>Zaradi ro\u010dnega merjenja lahko pride do razlike med ro\u010dnimi meritvami 2-4 cm.<\/p>","protected":false},"excerpt":{"rendered":"<p>Z lutko TPE se boste razumeli tako, da preprosto dru\u017eenje spremenite v topel \u017eivljenjski ritual. Ne zna govoriti, lahko pa je va\u0161a najbolj zvesta poslu\u0161alka.<\/p>","protected":false},"featured_media":15805,"comment_status":"open","ping_status":"closed","template":"","meta":[],"product_brand":[],"product_cat":[53,56,57,74,18,81,24,27,23,64,70,28,65,30,38,73,41,82,79,62,26,39,66,80,43,40,31,69,32,77,25,33,29,20,21,34,72,19,42,44,71,76,36,35,84,63,61,75,37,78],"product_tag":[],"class_list":{"0":"post-15787","1":"product","2":"type-product","3":"status-publish","4":"has-post-thumbnail","6":"product_cat-100cm-sex-dolls","7":"product_cat-120cm-sex-dolls","8":"product_cat-125cm-sex-dolls","9":"product_cat-6ye-doll","10":"product_cat-adult-doll","11":"product_cat-aibei-doll","12":"product_cat-american-sex-doll","13":"product_cat-anime-sex-dolls","14":"product_cat-asian-sex-doll","15":"product_cat-australia-stock-sex-doll","16":"product_cat-axb-doll","17":"product_cat-blonde-sex-doll","18":"product_cat-canada-stock-sex-doll","19":"product_cat-cheap-sex-doll","20":"product_cat-chubby-sex-dolls","21":"product_cat-climax-doll","22":"product_cat-curvy-sex-dolls","23":"product_cat-dolls-castle","24":"product_cat-elsa-babe","25":"product_cat-eu-stock-sex-doll","26":"product_cat-european-sex-dolls","27":"product_cat-fantasy-sex-doll","28":"product_cat-female-sex-dolls","29":"product_cat-fire-doll","30":"product_cat-flat-chested-sex-doll","31":"product_cat-full-body-sex-dolls","32":"product_cat-full-size-sex-dolls","33":"product_cat-girl-sex-dolls","34":"product_cat-hentai-sex-dolls","35":"product_cat-irontech-sex-dolls","36":"product_cat-japanese-sex-dolls","37":"product_cat-life-like-sex-dolls","38":"product_cat-life-size-sex-dolls","39":"product_cat-love-doll","40":"product_cat-miniature-sex-doll","41":"product_cat-petite-sex-dolls","42":"product_cat-qita-doll","43":"product_cat-real-doll","44":"product_cat-skinny-sex-dolls","45":"product_cat-small-breast-sex-doll","46":"product_cat-sy-doll","47":"product_cat-tantaly-sex-doll","48":"product_cat-teen-sex-dolls","49":"product_cat-tiny-sex-dolls","50":"product_cat-tpe-sex-dolls","51":"product_cat-uk-stock-sex-doll","52":"product_cat-us-stock-sex-dolls","53":"product_cat-wm-doll","54":"product_cat-young-sex-dolls","55":"product_cat-zelex-doll","57":"first","58":"instock","59":"sale","60":"shipping-taxable","61":"purchasable","62":"product-type-variable","63":"has-default-attributes"},"_links":{"self":[{"href":"https:\/\/www.sexdollmini.com\/sl\/wp-json\/wp\/v2\/product\/15787","targetHints":{"allow":["GET"]}}],"collection":[{"href":"https:\/\/www.sexdollmini.com\/sl\/wp-json\/wp\/v2\/product"}],"about":[{"href":"https:\/\/www.sexdollmini.com\/sl\/wp-json\/wp\/v2\/types\/product"}],"replies":[{"embeddable":true,"href":"https:\/\/www.sexdollmini.com\/sl\/wp-json\/wp\/v2\/comments?post=15787"}],"wp:featuredmedia":[{"embeddable":true,"href":"https:\/\/www.sexdollmini.com\/sl\/wp-json\/wp\/v2\/media\/15805"}],"wp:attachment":[{"href":"https:\/\/www.sexdollmini.com\/sl\/wp-json\/wp\/v2\/media?parent=15787"}],"wp:term":[{"taxonomy":"product_brand","embeddable":true,"href":"https:\/\/www.sexdollmini.com\/sl\/wp-json\/wp\/v2\/product_brand?post=15787"},{"taxonomy":"product_cat","embeddable":true,"href":"https:\/\/www.sexdollmini.com\/sl\/wp-json\/wp\/v2\/product_cat?post=15787"},{"taxonomy":"product_tag","embeddable":true,"href":"https:\/\/www.sexdollmini.com\/sl\/wp-json\/wp\/v2\/product_tag?post=15787"}],"curies":[{"name":"delovni list","href":"https:\/\/api.w.org\/{rel}","templated":true}]}}