{"id":16107,"date":"2025-05-29T05:42:13","date_gmt":"2025-05-29T12:42:13","guid":{"rendered":"https:\/\/www.sexdollmini.com\/?post_type=product&#038;p=16107"},"modified":"2026-05-04T05:54:01","modified_gmt":"2026-05-04T12:54:01","slug":"tasha-135cm-flat-realistic-sex-doll","status":"publish","type":"product","link":"https:\/\/www.sexdollmini.com\/sl\/izdelek\/tasha-135cm-flat-realistic-sex-doll\/","title":{"rendered":"Tasha 135 cm ploska realisti\u010dna seks lutka"},"content":{"rendered":"<h2>Podrobnosti o seks lutkah<\/h2>\n<p>135 cm visoka seks lutka z ravnim prsnim ko\u0161em ni primerna le kot spolni partner, temve\u010d lahko nudi tudi \u010dustveno dru\u017eenje, podporo pri umetni\u0161kem ustvarjanju in druge namene. Seksi seks lutke lahko slu\u017eijo tudi kot va\u0161a zaupnica, zaradi \u010desar ste veliko manj psihi\u010dno obremenjeni. Zaradi drobnega telesa je realisti\u010dna seks lutka la\u017eja za shranjevanje in interakcijo. Ta serija seks lutk je zelo primerna za igralce, ki imajo raje ljubke sloge ali imajo omejen prostor za shranjevanje.<\/p>\n<p>&nbsp;<\/p>\n<p>Vi\u0161ina: 138 cm<br \/>\nObseg prsi: 62 cm<br \/>\nPas: 47 cm<br \/>\nObseg bokov: 74 cm<br \/>\nGlobina anusa: 17 cm<br \/>\nGlobina vagine: 17 cm<br \/>\nGlobina ustja: 12 cm<br \/>\nNeto te\u017ea: 23 kg<br \/>\nBruto te\u017ea: 29 kg<\/p>\n<p>&nbsp;<\/p>\n<p>Zaradi ro\u010dnega merjenja lahko pride do razlike med ro\u010dnimi meritvami 2-4 cm.<\/p>","protected":false},"excerpt":{"rendered":"<p>Majhna seks lutka je zaradi svojega drobnega telesa in edinstvene oblike z ravnim prsnim ko\u0161em prakti\u010dna in nudi \u010dustveno dru\u017ebo. Ta azijska seks lutka je primerna za samske, ljudi, ki \u017eivijo sami, ali ljudi s socialno anksioznostjo, saj vam nudi ne\u017eno dru\u017ebo.<\/p>","protected":false},"featured_media":16126,"comment_status":"open","ping_status":"closed","template":"","meta":[],"product_brand":[],"product_cat":[58,145,59,74,18,81,24,27,23,70,28,30,38,73,41,82,79,62,26,39,66,80,43,40,31,69,32,77,25,33,29,20,21,34,72,19,42,44,71,76,36,35,84,61,75,37,78],"product_tag":[],"class_list":{"0":"post-16107","1":"product","2":"type-product","3":"status-publish","4":"has-post-thumbnail","6":"product_cat-130cm-sex-dolls","7":"product_cat-135cm-sex-doll","8":"product_cat-140cm-sex-dolls","9":"product_cat-6ye-doll","10":"product_cat-adult-doll","11":"product_cat-aibei-doll","12":"product_cat-american-sex-doll","13":"product_cat-anime-sex-dolls","14":"product_cat-asian-sex-doll","15":"product_cat-axb-doll","16":"product_cat-blonde-sex-doll","17":"product_cat-cheap-sex-doll","18":"product_cat-chubby-sex-dolls","19":"product_cat-climax-doll","20":"product_cat-curvy-sex-dolls","21":"product_cat-dolls-castle","22":"product_cat-elsa-babe","23":"product_cat-eu-stock-sex-doll","24":"product_cat-european-sex-dolls","25":"product_cat-fantasy-sex-doll","26":"product_cat-female-sex-dolls","27":"product_cat-fire-doll","28":"product_cat-flat-chested-sex-doll","29":"product_cat-full-body-sex-dolls","30":"product_cat-full-size-sex-dolls","31":"product_cat-girl-sex-dolls","32":"product_cat-hentai-sex-dolls","33":"product_cat-irontech-sex-dolls","34":"product_cat-japanese-sex-dolls","35":"product_cat-life-like-sex-dolls","36":"product_cat-life-size-sex-dolls","37":"product_cat-love-doll","38":"product_cat-miniature-sex-doll","39":"product_cat-petite-sex-dolls","40":"product_cat-qita-doll","41":"product_cat-real-doll","42":"product_cat-skinny-sex-dolls","43":"product_cat-small-breast-sex-doll","44":"product_cat-sy-doll","45":"product_cat-tantaly-sex-doll","46":"product_cat-teen-sex-dolls","47":"product_cat-tiny-sex-dolls","48":"product_cat-tpe-sex-dolls","49":"product_cat-us-stock-sex-dolls","50":"product_cat-wm-doll","51":"product_cat-young-sex-dolls","52":"product_cat-zelex-doll","54":"first","55":"instock","56":"sale","57":"shipping-taxable","58":"purchasable","59":"product-type-simple"},"_links":{"self":[{"href":"https:\/\/www.sexdollmini.com\/sl\/wp-json\/wp\/v2\/product\/16107","targetHints":{"allow":["GET"]}}],"collection":[{"href":"https:\/\/www.sexdollmini.com\/sl\/wp-json\/wp\/v2\/product"}],"about":[{"href":"https:\/\/www.sexdollmini.com\/sl\/wp-json\/wp\/v2\/types\/product"}],"replies":[{"embeddable":true,"href":"https:\/\/www.sexdollmini.com\/sl\/wp-json\/wp\/v2\/comments?post=16107"}],"wp:featuredmedia":[{"embeddable":true,"href":"https:\/\/www.sexdollmini.com\/sl\/wp-json\/wp\/v2\/media\/16126"}],"wp:attachment":[{"href":"https:\/\/www.sexdollmini.com\/sl\/wp-json\/wp\/v2\/media?parent=16107"}],"wp:term":[{"taxonomy":"product_brand","embeddable":true,"href":"https:\/\/www.sexdollmini.com\/sl\/wp-json\/wp\/v2\/product_brand?post=16107"},{"taxonomy":"product_cat","embeddable":true,"href":"https:\/\/www.sexdollmini.com\/sl\/wp-json\/wp\/v2\/product_cat?post=16107"},{"taxonomy":"product_tag","embeddable":true,"href":"https:\/\/www.sexdollmini.com\/sl\/wp-json\/wp\/v2\/product_tag?post=16107"}],"curies":[{"name":"delovni list","href":"https:\/\/api.w.org\/{rel}","templated":true}]}}