{"id":16268,"date":"2025-06-09T00:33:45","date_gmt":"2025-06-09T07:33:45","guid":{"rendered":"https:\/\/www.sexdollmini.com\/?post_type=product&#038;p=16268"},"modified":"2025-08-03T19:23:46","modified_gmt":"2025-08-04T02:23:46","slug":"orva-flat-half-body-sex-doll-torso","status":"publish","type":"product","link":"https:\/\/www.sexdollmini.com\/sl\/izdelek\/orva-flat-half-body-sex-doll-torso\/","title":{"rendered":"Orva Plo\u0161\u010dat Polovi\u010dni Torzo Seks Lutke"},"content":{"rendered":"<h2>Podrobnosti o seks lutkah<\/h2>\n<p>Ploski prsni ko\u0161 seks lutke je zelo priljubljen med igralci, ravno prsni ko\u0161 pa je zna\u010dilnost te seks lutke. Ne le, da lahko zadovolji va\u0161e spolne potrebe, ampak je tudi dragocena zbirateljica. Ploski prsni ko\u0161 pol telesa seks lutke je enostaven za shranjevanje in premikanje. \u010ce se morate pogosto seliti ali potovati, ne boste imeli veliko te\u017eav z zbiranjem te seks lutke, pol telesa seks lutke pa lahko prihrani veliko prostora.<\/p>\n<p>Vi\u0161ina: 47 cm<br \/>\nPrsni obseg: 47 cm<br \/>\nPas: 42 cm<br \/>\nObseg bokov: 70 cm<br \/>\n\u0160irina ramen: 25 cm<br \/>\nGlobina vagine: 16 cm<br \/>\nGlobina anusa: 16 cm<br \/>\nNeto te\u017ea: 9 kg<br \/>\nSpecifikacija \u0161katle: 65*34*29<br \/>\nBruto te\u017ea: 12 kg<\/p>\n<p>&nbsp;<\/p>\n<p>Zaradi ro\u010dnega merjenja lahko pride do razlike med ro\u010dnimi meritvami 2-4 cm.<\/p>","protected":false},"excerpt":{"rendered":"<p>Nasveti za nego seks lutk: Izogibajte se izbiri temnih obla\u010dil za seks lutke in se izogibajte dolgotrajnemu stiku temnih obla\u010dil s TPE materiali, da se izognete made\u017eem.<br \/>\n\u010ce \u017eelite, da seks lutka zdr\u017ei dlje, je priporo\u010dljivo, da zanjo izberete mehko blazino in jo dr\u017eite v naravni dr\u017ei.<\/p>","protected":false},"featured_media":16270,"comment_status":"open","ping_status":"closed","template":"","meta":[],"product_brand":[],"product_cat":[18,73,82,79,66,80,43,146,20,21,34,60,42,71,84,75,78],"product_tag":[],"class_list":{"0":"post-16268","1":"product","2":"type-product","3":"status-publish","4":"has-post-thumbnail","6":"product_cat-adult-doll","7":"product_cat-climax-doll","8":"product_cat-dolls-castle","9":"product_cat-elsa-babe","10":"product_cat-female-sex-dolls","11":"product_cat-fire-doll","12":"product_cat-flat-chested-sex-doll","13":"product_cat-half-body-sex-doll-torso","14":"product_cat-love-doll","15":"product_cat-miniature-sex-doll","16":"product_cat-petite-sex-dolls","17":"product_cat-sex-doll-torso","18":"product_cat-skinny-sex-dolls","19":"product_cat-sy-doll","20":"product_cat-tpe-sex-dolls","21":"product_cat-wm-doll","22":"product_cat-zelex-doll","24":"first","25":"instock","26":"sale","27":"shipping-taxable","28":"purchasable","29":"product-type-simple"},"_links":{"self":[{"href":"https:\/\/www.sexdollmini.com\/sl\/wp-json\/wp\/v2\/product\/16268","targetHints":{"allow":["GET"]}}],"collection":[{"href":"https:\/\/www.sexdollmini.com\/sl\/wp-json\/wp\/v2\/product"}],"about":[{"href":"https:\/\/www.sexdollmini.com\/sl\/wp-json\/wp\/v2\/types\/product"}],"replies":[{"embeddable":true,"href":"https:\/\/www.sexdollmini.com\/sl\/wp-json\/wp\/v2\/comments?post=16268"}],"wp:featuredmedia":[{"embeddable":true,"href":"https:\/\/www.sexdollmini.com\/sl\/wp-json\/wp\/v2\/media\/16270"}],"wp:attachment":[{"href":"https:\/\/www.sexdollmini.com\/sl\/wp-json\/wp\/v2\/media?parent=16268"}],"wp:term":[{"taxonomy":"product_brand","embeddable":true,"href":"https:\/\/www.sexdollmini.com\/sl\/wp-json\/wp\/v2\/product_brand?post=16268"},{"taxonomy":"product_cat","embeddable":true,"href":"https:\/\/www.sexdollmini.com\/sl\/wp-json\/wp\/v2\/product_cat?post=16268"},{"taxonomy":"product_tag","embeddable":true,"href":"https:\/\/www.sexdollmini.com\/sl\/wp-json\/wp\/v2\/product_tag?post=16268"}],"curies":[{"name":"delovni list","href":"https:\/\/api.w.org\/{rel}","templated":true}]}}