{"id":16525,"date":"2025-06-12T23:54:55","date_gmt":"2025-06-13T06:54:55","guid":{"rendered":"https:\/\/www.sexdollmini.com\/?post_type=product&#038;p=16525"},"modified":"2025-11-13T00:24:14","modified_gmt":"2025-11-13T08:24:14","slug":"perfect-flexible-flat-sex-doll-torso","status":"publish","type":"product","link":"https:\/\/www.sexdollmini.com\/sl\/izdelek\/perfect-flexible-flat-sex-doll-torso\/","title":{"rendered":"Popoln fleksibilen raven trup seks lutke"},"content":{"rendered":"<h2>Podrobnosti o seks lutkah<\/h2>\n<p>Trup seks lutke z ravnim prsnim ko\u0161em ima v notranjosti kovinski skeletni sistem in je fleksibilen trup seks lutke z ravnim prsnim ko\u0161em. Trup seks lutke z ravnim prsnim ko\u0161em je zelo poseben in zelo primeren za zbiratelje. \u010ce pogosto potujete ali potujete, je trup seks lutke zelo enostavno vzeti s seboj. Je zmerno te\u017eak in enostaven za shranjevanje.<\/p>\n<p>Vi\u0161ina: 61 cm<br \/>\nPrsni obseg: 57 cm<br \/>\nPas: 51 cm<br \/>\nObseg bokov: 69 cm<br \/>\nVaginalna globina: 14 cm<br \/>\nAnalna globina: 13 cm<br \/>\nTe\u017ea: 12 kg<br \/>\nPakiranje: 65*33*21 cm<\/p>\n<p>&nbsp;<\/p>\n<p>Zaradi ro\u010dnega merjenja lahko pride do razlike med ro\u010dnimi meritvami 2-4 cm.<\/p>","protected":false},"excerpt":{"rendered":"<p>\u010ce nimate veliko denarja za nakup seks lutk, lahko razmislite o tej seks lutki s plo\u0161\u010datim prsnim ko\u0161em. Ni ne lahka ne te\u017eka in vam lahko ponudi dobro spolno izku\u0161njo.<\/p>","protected":false},"featured_media":16526,"comment_status":"open","ping_status":"closed","template":"","meta":[],"product_brand":[],"product_cat":[73,66,43,146,60,84],"product_tag":[],"class_list":{"0":"post-16525","1":"product","2":"type-product","3":"status-publish","4":"has-post-thumbnail","6":"product_cat-climax-doll","7":"product_cat-female-sex-dolls","8":"product_cat-flat-chested-sex-doll","9":"product_cat-half-body-sex-doll-torso","10":"product_cat-sex-doll-torso","11":"product_cat-tpe-sex-dolls","13":"first","14":"instock","15":"sale","16":"shipping-taxable","17":"purchasable","18":"product-type-simple"},"_links":{"self":[{"href":"https:\/\/www.sexdollmini.com\/sl\/wp-json\/wp\/v2\/product\/16525","targetHints":{"allow":["GET"]}}],"collection":[{"href":"https:\/\/www.sexdollmini.com\/sl\/wp-json\/wp\/v2\/product"}],"about":[{"href":"https:\/\/www.sexdollmini.com\/sl\/wp-json\/wp\/v2\/types\/product"}],"replies":[{"embeddable":true,"href":"https:\/\/www.sexdollmini.com\/sl\/wp-json\/wp\/v2\/comments?post=16525"}],"wp:featuredmedia":[{"embeddable":true,"href":"https:\/\/www.sexdollmini.com\/sl\/wp-json\/wp\/v2\/media\/16526"}],"wp:attachment":[{"href":"https:\/\/www.sexdollmini.com\/sl\/wp-json\/wp\/v2\/media?parent=16525"}],"wp:term":[{"taxonomy":"product_brand","embeddable":true,"href":"https:\/\/www.sexdollmini.com\/sl\/wp-json\/wp\/v2\/product_brand?post=16525"},{"taxonomy":"product_cat","embeddable":true,"href":"https:\/\/www.sexdollmini.com\/sl\/wp-json\/wp\/v2\/product_cat?post=16525"},{"taxonomy":"product_tag","embeddable":true,"href":"https:\/\/www.sexdollmini.com\/sl\/wp-json\/wp\/v2\/product_tag?post=16525"}],"curies":[{"name":"delovni list","href":"https:\/\/api.w.org\/{rel}","templated":true}]}}