{"id":16999,"date":"2025-07-15T04:33:37","date_gmt":"2025-07-15T11:33:37","guid":{"rendered":"https:\/\/www.sexdollmini.com\/?post_type=product&#038;p=16999"},"modified":"2025-12-18T03:30:29","modified_gmt":"2025-12-18T11:30:29","slug":"vaginal-anal-lubricant-sex-doll","status":"publish","type":"product","link":"https:\/\/www.sexdollmini.com\/sl\/izdelek\/vaginal-anal-lubricant-sex-doll\/","title":{"rendered":"Vaginalno in analno lubrikant za seks lutke"},"content":{"rendered":"<p>Sadna maziva so primerna za masa\u017eo telesa ali za vla\u017eenje vagine in anusa. Njihova uporaba pred spolnim odnosom lahko zmanj\u0161a trenje in bole\u010dino, ki jo povzro\u010da spolni odnos.<\/p>\n<p>Lubrikant ima prostornino 60 ml. Je majhen in enostaven za prena\u0161anje, zato ga lahko uporabljate ob \u0161tevilnih prilo\u017enostih. Tudi na poslovnem potovanju ga lahko priro\u010dno pospravite v nahrbtnik.<\/p>\n<p><img decoding=\"async\" class=\"aligncenter wp-image-17009 size-full\" src=\"https:\/\/www.sexdollmini.com\/wp-content\/themes\/woodmart\/images\/lazy.svg\" data-src=\"https:\/\/www.sexdollmini.com\/wp-content\/uploads\/2025\/07\/Human-Lubricant6.jpg\" alt=\"\" width=\"750\" height=\"833\" title=\"-\" srcset=\"\" data-srcset=\"https:\/\/www.sexdollmini.com\/wp-content\/uploads\/2025\/07\/Human-Lubricant6.jpg 750w, https:\/\/www.sexdollmini.com\/wp-content\/uploads\/2025\/07\/Human-Lubricant6-150x167.jpg 150w, https:\/\/www.sexdollmini.com\/wp-content\/uploads\/2025\/07\/Human-Lubricant6-700x777.jpg 700w, https:\/\/www.sexdollmini.com\/wp-content\/uploads\/2025\/07\/Human-Lubricant6-270x300.jpg 270w, https:\/\/www.sexdollmini.com\/wp-content\/uploads\/2025\/07\/Human-Lubricant6-720x800.jpg 720w\" sizes=\"(max-width: 750px) 100vw, 750px\" \/> <img decoding=\"async\" class=\"aligncenter wp-image-17008 size-full\" src=\"https:\/\/www.sexdollmini.com\/wp-content\/themes\/woodmart\/images\/lazy.svg\" data-src=\"https:\/\/www.sexdollmini.com\/wp-content\/uploads\/2025\/07\/Human-Lubricant5.jpg\" alt=\"\" width=\"750\" height=\"781\" title=\"-\" srcset=\"\" data-srcset=\"https:\/\/www.sexdollmini.com\/wp-content\/uploads\/2025\/07\/Human-Lubricant5.jpg 750w, https:\/\/www.sexdollmini.com\/wp-content\/uploads\/2025\/07\/Human-Lubricant5-150x156.jpg 150w, https:\/\/www.sexdollmini.com\/wp-content\/uploads\/2025\/07\/Human-Lubricant5-700x729.jpg 700w, https:\/\/www.sexdollmini.com\/wp-content\/uploads\/2025\/07\/Human-Lubricant5-288x300.jpg 288w\" sizes=\"(max-width: 750px) 100vw, 750px\" \/><\/p>","protected":false},"excerpt":{"rendered":"<p>Maziva na vodni osnovi lahko hitro spodbudijo tudi spolno slo in izbolj\u0161ajo spolno izku\u0161njo.<\/p>","protected":false},"featured_media":17010,"comment_status":"open","ping_status":"closed","template":"","meta":[],"product_brand":[],"product_cat":[83],"product_tag":[],"class_list":{"0":"post-16999","1":"product","2":"type-product","3":"status-publish","4":"has-post-thumbnail","6":"product_cat-sex-doll-accessories","8":"first","9":"instock","10":"sale","11":"shipping-taxable","12":"purchasable","13":"product-type-variable","14":"has-default-attributes"},"_links":{"self":[{"href":"https:\/\/www.sexdollmini.com\/sl\/wp-json\/wp\/v2\/product\/16999","targetHints":{"allow":["GET"]}}],"collection":[{"href":"https:\/\/www.sexdollmini.com\/sl\/wp-json\/wp\/v2\/product"}],"about":[{"href":"https:\/\/www.sexdollmini.com\/sl\/wp-json\/wp\/v2\/types\/product"}],"replies":[{"embeddable":true,"href":"https:\/\/www.sexdollmini.com\/sl\/wp-json\/wp\/v2\/comments?post=16999"}],"wp:featuredmedia":[{"embeddable":true,"href":"https:\/\/www.sexdollmini.com\/sl\/wp-json\/wp\/v2\/media\/17010"}],"wp:attachment":[{"href":"https:\/\/www.sexdollmini.com\/sl\/wp-json\/wp\/v2\/media?parent=16999"}],"wp:term":[{"taxonomy":"product_brand","embeddable":true,"href":"https:\/\/www.sexdollmini.com\/sl\/wp-json\/wp\/v2\/product_brand?post=16999"},{"taxonomy":"product_cat","embeddable":true,"href":"https:\/\/www.sexdollmini.com\/sl\/wp-json\/wp\/v2\/product_cat?post=16999"},{"taxonomy":"product_tag","embeddable":true,"href":"https:\/\/www.sexdollmini.com\/sl\/wp-json\/wp\/v2\/product_tag?post=16999"}],"curies":[{"name":"delovni list","href":"https:\/\/api.w.org\/{rel}","templated":true}]}}