{"id":15928,"date":"2025-05-23T06:12:32","date_gmt":"2025-05-23T13:12:32","guid":{"rendered":"https:\/\/www.sexdollmini.com\/?post_type=product&#038;p=15928"},"modified":"2026-04-04T22:04:38","modified_gmt":"2026-04-05T05:04:38","slug":"robin-flat-chest-tpe-sex-doll","status":"publish","type":"product","link":"https:\/\/www.sexdollmini.com\/sv\/produkt\/robin-flat-chest-tpe-sex-doll\/","title":{"rendered":"Robin plattbr\u00f6stad TPE-sexdocka"},"content":{"rendered":"<h2>Detaljer om sexdockor<\/h2>\n<p>Plattbr\u00f6stade sexdockor \u00e4r 21 \u00e5r gamla, naturtrogna sexdockor f\u00f6r vuxna har vit hud och g\u00f6r att sexdockorna ser mer bed\u00e5rande ut n\u00e4r de b\u00e4r f\u00e4rgglada dr\u00e4kter. Du kan kl\u00e4 upp sexdockan genom att skaffa n\u00e5gra av dina favoritdekorationer till sexdockan separat, dessa dekorationer kommer att f\u00e5 sexdockan att se mer livlig ut. Det \u00e4r sv\u00e5rt att inte bli f\u00f6r\u00e4lskad i s\u00e5dana s\u00f6ta sexdockor.<br \/>\nK\u00f6p sexdockan nu s\u00e5 f\u00e5r du en slumpm\u00e4ssig stil av sexiga underkl\u00e4der och peruk.<\/p>\n<p>&nbsp;<\/p>\n<p>H\u00f6jd: 100 cm<br \/>\nBr\u00f6st: 46 cm<br \/>\nMidja: 38 cm<br \/>\nH\u00f6ft: 59 cm<br \/>\nAnusdjup: 8 cm<br \/>\nVaginadjup: 14 cm<br \/>\nMundjup: 12 cm<br \/>\nNettovikt: 13 kg<br \/>\nBruttovikt: 15 kg<\/p>\n<p>&nbsp;<\/p>\n<p>H\u00f6jd: 125 cm<br \/>\nBr\u00f6st: 55 cm<br \/>\nMidja: 42 cm<br \/>\nH\u00f6ft: 62 cm<br \/>\nAnusdjup: 16 cm<br \/>\nVaginadjup: 17 cm<br \/>\nMundjup: 12 cm<br \/>\nNettovikt: 17 kg<br \/>\nBruttovikt: 20 kg<\/p>\n<p>&nbsp;<\/p>\n<p>&nbsp;<\/p>\n<p>V\u00e4nligen till\u00e5t 2-4 cm skillnad i manuell m\u00e4tning p\u00e5 grund av manuell m\u00e4tning.<\/p>","protected":false},"excerpt":{"rendered":"<p>Den unga sexdockan \u00e4r tillverkad av taktila realistiska TPE-material som g\u00f6r hennes hud mjukare och full av elasticitet, och hennes kropp har ett metallskelett f\u00f6r enkel gungning.<\/p>","protected":false},"featured_media":15933,"comment_status":"open","ping_status":"closed","template":"","meta":[],"product_brand":[],"product_cat":[53,56,57,74,18,81,24,27,23,64,70,28,65,30,38,73,41,82,79,62,26,39,66,80,43,40,31,69,32,77,25,33,29,20,21,34,72,19,42,44,71,76,36,35,84,63,61,75,37,78],"product_tag":[],"class_list":{"0":"post-15928","1":"product","2":"type-product","3":"status-publish","4":"has-post-thumbnail","6":"product_cat-100cm-sex-dolls","7":"product_cat-120cm-sex-dolls","8":"product_cat-125cm-sex-dolls","9":"product_cat-6ye-doll","10":"product_cat-adult-doll","11":"product_cat-aibei-doll","12":"product_cat-american-sex-doll","13":"product_cat-anime-sex-dolls","14":"product_cat-asian-sex-doll","15":"product_cat-australia-stock-sex-doll","16":"product_cat-axb-doll","17":"product_cat-blonde-sex-doll","18":"product_cat-canada-stock-sex-doll","19":"product_cat-cheap-sex-doll","20":"product_cat-chubby-sex-dolls","21":"product_cat-climax-doll","22":"product_cat-curvy-sex-dolls","23":"product_cat-dolls-castle","24":"product_cat-elsa-babe","25":"product_cat-eu-stock-sex-doll","26":"product_cat-european-sex-dolls","27":"product_cat-fantasy-sex-doll","28":"product_cat-female-sex-dolls","29":"product_cat-fire-doll","30":"product_cat-flat-chested-sex-doll","31":"product_cat-full-body-sex-dolls","32":"product_cat-full-size-sex-dolls","33":"product_cat-girl-sex-dolls","34":"product_cat-hentai-sex-dolls","35":"product_cat-irontech-sex-dolls","36":"product_cat-japanese-sex-dolls","37":"product_cat-life-like-sex-dolls","38":"product_cat-life-size-sex-dolls","39":"product_cat-love-doll","40":"product_cat-miniature-sex-doll","41":"product_cat-petite-sex-dolls","42":"product_cat-qita-doll","43":"product_cat-real-doll","44":"product_cat-skinny-sex-dolls","45":"product_cat-small-breast-sex-doll","46":"product_cat-sy-doll","47":"product_cat-tantaly-sex-doll","48":"product_cat-teen-sex-dolls","49":"product_cat-tiny-sex-dolls","50":"product_cat-tpe-sex-dolls","51":"product_cat-uk-stock-sex-doll","52":"product_cat-us-stock-sex-dolls","53":"product_cat-wm-doll","54":"product_cat-young-sex-dolls","55":"product_cat-zelex-doll","57":"first","58":"instock","59":"sale","60":"shipping-taxable","61":"purchasable","62":"product-type-variable","63":"has-default-attributes"},"_links":{"self":[{"href":"https:\/\/www.sexdollmini.com\/sv\/wp-json\/wp\/v2\/product\/15928","targetHints":{"allow":["GET"]}}],"collection":[{"href":"https:\/\/www.sexdollmini.com\/sv\/wp-json\/wp\/v2\/product"}],"about":[{"href":"https:\/\/www.sexdollmini.com\/sv\/wp-json\/wp\/v2\/types\/product"}],"replies":[{"embeddable":true,"href":"https:\/\/www.sexdollmini.com\/sv\/wp-json\/wp\/v2\/comments?post=15928"}],"wp:featuredmedia":[{"embeddable":true,"href":"https:\/\/www.sexdollmini.com\/sv\/wp-json\/wp\/v2\/media\/15933"}],"wp:attachment":[{"href":"https:\/\/www.sexdollmini.com\/sv\/wp-json\/wp\/v2\/media?parent=15928"}],"wp:term":[{"taxonomy":"product_brand","embeddable":true,"href":"https:\/\/www.sexdollmini.com\/sv\/wp-json\/wp\/v2\/product_brand?post=15928"},{"taxonomy":"product_cat","embeddable":true,"href":"https:\/\/www.sexdollmini.com\/sv\/wp-json\/wp\/v2\/product_cat?post=15928"},{"taxonomy":"product_tag","embeddable":true,"href":"https:\/\/www.sexdollmini.com\/sv\/wp-json\/wp\/v2\/product_tag?post=15928"}],"curies":[{"name":"wp","href":"https:\/\/api.w.org\/{rel}","templated":true}]}}