{"id":16425,"date":"2025-06-12T03:17:24","date_gmt":"2025-06-12T10:17:24","guid":{"rendered":"https:\/\/www.sexdollmini.com\/?post_type=product&#038;p=16425"},"modified":"2025-07-15T00:21:28","modified_gmt":"2025-07-15T07:21:28","slug":"verda-108cm-big-tits-sex-doll","status":"publish","type":"product","link":"https:\/\/www.sexdollmini.com\/sv\/produkt\/verda-108cm-big-tits-sex-doll\/","title":{"rendered":"Verda 108cm Sexdocka med Stora Br\u00f6st"},"content":{"rendered":"<h2>Detaljer om sexdockor<\/h2>\n<p>Sexdockan med stora br\u00f6st har en kort l\u00e4ngd, stora br\u00f6st och en stor rumpa t\u00e4tt insvept i en korsett, vilket g\u00f6r sexdockan v\u00e4ldigt sexig. Med sina slutna \u00f6gon och spetsiga ansikte ser hon ut som om hon k\u00e4nner av de goda sakerna v\u00e4rlden har att erbjuda, denna kvinnliga sexdocka utstr\u00e5lar en sexig vibb som f\u00e5r dig att bli k\u00e4r utan att du ens inser det. En av f\u00f6rdelarna med att sexdockor \u00e4r korta i l\u00e4ngden \u00e4r att de \u00e4r l\u00e4tta att flytta runt och du kan ha ett trevligt m\u00f6te med en sexdocka n\u00e4r du \u00e4r klar med ditt hektiska schema.<\/p>\n<p>H\u00f6jd: 108 cm<br \/>\nByst: 81 cm<br \/>\nMidja: 46 cm<br \/>\nH\u00f6fter: 80 cm<br \/>\nNettovikt: 22 kg<br \/>\nBruttovikt: 26 kg<br \/>\nF\u00f6rpackning 100*36*26CM<br \/>\nVaginans l\u00e4ngd: 15 cm<br \/>\nAnus: 13 cm<br \/>\nAvsugning: 10 cm<\/p>\n<p>&nbsp;<\/p>\n<p>V\u00e4nligen till\u00e5t 2-4 cm skillnad i manuell m\u00e4tning p\u00e5 grund av manuell m\u00e4tning.<\/p>","protected":false},"excerpt":{"rendered":"<p>Sexdockan \u00e4r inte s\u00e4rskilt l\u00e5ng, men hennes v\u00e4llustiga figur ger henne en unik charm. Hennes stora br\u00f6st och rumpa g\u00f6r att sexdockans kropp ser v\u00e4ldigt sexig ut, och hennes utseende \u00e4r of\u00f6rgl\u00f6mligt.<\/p>","protected":false},"featured_media":16431,"comment_status":"open","ping_status":"closed","template":"","meta":[],"product_brand":[],"product_cat":[54,74,18,81,24,27,23,70,22,28,30,38,73,41,82,79,62,26,39,66,80,40,31,69,32,77,25,33,29,20,148,72,19,71,76,36,35,84,61,75,37,78],"product_tag":[],"class_list":{"0":"post-16425","1":"product","2":"type-product","3":"status-publish","4":"has-post-thumbnail","6":"product_cat-108cm-sex-dolls","7":"product_cat-6ye-doll","8":"product_cat-adult-doll","9":"product_cat-aibei-doll","10":"product_cat-american-sex-doll","11":"product_cat-anime-sex-dolls","12":"product_cat-asian-sex-doll","13":"product_cat-axb-doll","14":"product_cat-bbw-sex-doll","15":"product_cat-blonde-sex-doll","16":"product_cat-cheap-sex-doll","17":"product_cat-chubby-sex-dolls","18":"product_cat-climax-doll","19":"product_cat-curvy-sex-dolls","20":"product_cat-dolls-castle","21":"product_cat-elsa-babe","22":"product_cat-eu-stock-sex-doll","23":"product_cat-european-sex-dolls","24":"product_cat-fantasy-sex-doll","25":"product_cat-female-sex-dolls","26":"product_cat-fire-doll","27":"product_cat-full-body-sex-dolls","28":"product_cat-full-size-sex-dolls","29":"product_cat-girl-sex-dolls","30":"product_cat-hentai-sex-dolls","31":"product_cat-irontech-sex-dolls","32":"product_cat-japanese-sex-dolls","33":"product_cat-life-like-sex-dolls","34":"product_cat-life-size-sex-dolls","35":"product_cat-love-doll","36":"product_cat-midget-sex-doll","37":"product_cat-qita-doll","38":"product_cat-real-doll","39":"product_cat-sy-doll","40":"product_cat-tantaly-sex-doll","41":"product_cat-teen-sex-dolls","42":"product_cat-tiny-sex-dolls","43":"product_cat-tpe-sex-dolls","44":"product_cat-us-stock-sex-dolls","45":"product_cat-wm-doll","46":"product_cat-young-sex-dolls","47":"product_cat-zelex-doll","49":"first","50":"instock","51":"sale","52":"shipping-taxable","53":"purchasable","54":"product-type-simple"},"_links":{"self":[{"href":"https:\/\/www.sexdollmini.com\/sv\/wp-json\/wp\/v2\/product\/16425","targetHints":{"allow":["GET"]}}],"collection":[{"href":"https:\/\/www.sexdollmini.com\/sv\/wp-json\/wp\/v2\/product"}],"about":[{"href":"https:\/\/www.sexdollmini.com\/sv\/wp-json\/wp\/v2\/types\/product"}],"replies":[{"embeddable":true,"href":"https:\/\/www.sexdollmini.com\/sv\/wp-json\/wp\/v2\/comments?post=16425"}],"wp:featuredmedia":[{"embeddable":true,"href":"https:\/\/www.sexdollmini.com\/sv\/wp-json\/wp\/v2\/media\/16431"}],"wp:attachment":[{"href":"https:\/\/www.sexdollmini.com\/sv\/wp-json\/wp\/v2\/media?parent=16425"}],"wp:term":[{"taxonomy":"product_brand","embeddable":true,"href":"https:\/\/www.sexdollmini.com\/sv\/wp-json\/wp\/v2\/product_brand?post=16425"},{"taxonomy":"product_cat","embeddable":true,"href":"https:\/\/www.sexdollmini.com\/sv\/wp-json\/wp\/v2\/product_cat?post=16425"},{"taxonomy":"product_tag","embeddable":true,"href":"https:\/\/www.sexdollmini.com\/sv\/wp-json\/wp\/v2\/product_tag?post=16425"}],"curies":[{"name":"wp","href":"https:\/\/api.w.org\/{rel}","templated":true}]}}