{"id":16525,"date":"2025-06-12T23:54:55","date_gmt":"2025-06-13T06:54:55","guid":{"rendered":"https:\/\/www.sexdollmini.com\/?post_type=product&#038;p=16525"},"modified":"2025-11-13T00:24:14","modified_gmt":"2025-11-13T08:24:14","slug":"perfect-flexible-flat-sex-doll-torso","status":"publish","type":"product","link":"https:\/\/www.sexdollmini.com\/sv\/produkt\/perfect-flexible-flat-sex-doll-torso\/","title":{"rendered":"Perfekt Flexibel Platt Sexdocka Torso"},"content":{"rendered":"<h2>Detaljer om sexdockor<\/h2>\n<p>Den plattbr\u00f6stade sexdockans torso har ett metallskelettsystem inuti och \u00e4r en flexibel plattbr\u00f6stad sexdocktorso. Den plattbr\u00f6stade sexdockans torso \u00e4r mycket speciell och mycket l\u00e4mplig f\u00f6r samlare. Om du reser ofta \u00e4r det mycket enkelt att ta med sig denna sexdocktorso. Den \u00e4r m\u00e5ttligt tung och l\u00e4tt att f\u00f6rvara.<\/p>\n<p>H\u00f6jd: 61 cm<br \/>\nByst: 57 cm<br \/>\nMidja: 51 cm<br \/>\nH\u00f6fter: 69 cm<br \/>\nVaginalt djup: 14 cm<br \/>\nAnaldjup: 13 cm<br \/>\nVikt: 12 kg<br \/>\nF\u00f6rpackning: 65*33*21 cm<\/p>\n<p>&nbsp;<\/p>\n<p>V\u00e4nligen till\u00e5t 2-4 cm skillnad i manuell m\u00e4tning p\u00e5 grund av manuell m\u00e4tning.<\/p>","protected":false},"excerpt":{"rendered":"<p>Om du inte har mycket pengar att k\u00f6pa sexdockor kan du \u00f6verv\u00e4ga den h\u00e4r plattbr\u00f6stade sexdocka-torsoen. Den \u00e4r varken l\u00e4tt eller tung, och kan ge dig en bra sexuell upplevelse.<\/p>","protected":false},"featured_media":16526,"comment_status":"open","ping_status":"closed","template":"","meta":[],"product_brand":[],"product_cat":[73,66,43,146,60,84],"product_tag":[],"class_list":{"0":"post-16525","1":"product","2":"type-product","3":"status-publish","4":"has-post-thumbnail","6":"product_cat-climax-doll","7":"product_cat-female-sex-dolls","8":"product_cat-flat-chested-sex-doll","9":"product_cat-half-body-sex-doll-torso","10":"product_cat-sex-doll-torso","11":"product_cat-tpe-sex-dolls","13":"first","14":"instock","15":"sale","16":"shipping-taxable","17":"purchasable","18":"product-type-simple"},"_links":{"self":[{"href":"https:\/\/www.sexdollmini.com\/sv\/wp-json\/wp\/v2\/product\/16525","targetHints":{"allow":["GET"]}}],"collection":[{"href":"https:\/\/www.sexdollmini.com\/sv\/wp-json\/wp\/v2\/product"}],"about":[{"href":"https:\/\/www.sexdollmini.com\/sv\/wp-json\/wp\/v2\/types\/product"}],"replies":[{"embeddable":true,"href":"https:\/\/www.sexdollmini.com\/sv\/wp-json\/wp\/v2\/comments?post=16525"}],"wp:featuredmedia":[{"embeddable":true,"href":"https:\/\/www.sexdollmini.com\/sv\/wp-json\/wp\/v2\/media\/16526"}],"wp:attachment":[{"href":"https:\/\/www.sexdollmini.com\/sv\/wp-json\/wp\/v2\/media?parent=16525"}],"wp:term":[{"taxonomy":"product_brand","embeddable":true,"href":"https:\/\/www.sexdollmini.com\/sv\/wp-json\/wp\/v2\/product_brand?post=16525"},{"taxonomy":"product_cat","embeddable":true,"href":"https:\/\/www.sexdollmini.com\/sv\/wp-json\/wp\/v2\/product_cat?post=16525"},{"taxonomy":"product_tag","embeddable":true,"href":"https:\/\/www.sexdollmini.com\/sv\/wp-json\/wp\/v2\/product_tag?post=16525"}],"curies":[{"name":"wp","href":"https:\/\/api.w.org\/{rel}","templated":true}]}}