{"id":17234,"date":"2025-07-23T01:41:05","date_gmt":"2025-07-23T08:41:05","guid":{"rendered":"https:\/\/www.sexdollmini.com\/?post_type=product&#038;p=17234"},"modified":"2025-07-23T03:19:17","modified_gmt":"2025-07-23T10:19:17","slug":"freyja-real-feel-100cm-sex-doll","status":"publish","type":"product","link":"https:\/\/www.sexdollmini.com\/sv\/produkt\/freyja-real-feel-100cm-sex-doll\/","title":{"rendered":"Freyja Verklig k\u00e4nsla 100CM Sexdocka"},"content":{"rendered":"<p>Sm\u00e5 TPE-sexdockor har en veteaktig hudf\u00e4rg och \u00e4r kompakta i storleken, vilket g\u00f6r dem l\u00e4tta att b\u00e4ra och reng\u00f6ra. De sm\u00e5 sexdockorna har ett metallskelett inuti som g\u00f6r att de kan r\u00f6ra sig m\u00e5nga g\u00e5nger och ger en mer verklig k\u00e4nsla av samlag. F\u00f6rb\u00e4ttra din upplevelse med en exklusiv mini-TPE-sexdocka idag.<\/p>\n<p>&nbsp;<\/p>\n<div style=\"overflow-x: auto;\">\n<table style=\"border-collapse: collapse; width: 100%; border: 1px solid #eee; border-radius: 5px; overflow: hidden;\">\n<tbody>\n<tr style=\"background-color: black; color: white; text-align: center;\">\n<td style=\"font-weight: bold; border: 1px solid #eee; padding: 8px;\">H\u00f6jd<\/td>\n<td style=\"border: 1px solid #eee; padding: 8px;\">100 cm<\/td>\n<td style=\"border: 1px solid #eee; padding: 8px;\">110 cm<\/td>\n<td style=\"border: 1px solid #eee; padding: 8px;\">125 cm<\/td>\n<\/tr>\n<tr style=\"background-color: white; text-align: center;\">\n<td style=\"font-weight: bold; border: 1px solid #eee; padding: 8px;\">Byst<\/td>\n<td style=\"border: 1px solid #eee; padding: 8px;\">55<\/td>\n<td style=\"border: 1px solid #eee; padding: 8px;\">55<\/td>\n<td style=\"border: 1px solid #eee; padding: 8px;\">61<\/td>\n<\/tr>\n<tr style=\"background-color: #f7f7f7; text-align: center;\">\n<td style=\"font-weight: bold; border: 1px solid #eee; padding: 8px;\">Midjan<\/td>\n<td style=\"border: 1px solid #eee; padding: 8px;\">36<\/td>\n<td style=\"border: 1px solid #eee; padding: 8px;\">35<\/td>\n<td style=\"border: 1px solid #eee; padding: 8px;\">39<\/td>\n<\/tr>\n<tr style=\"background-color: white; text-align: center;\">\n<td style=\"font-weight: bold; border: 1px solid #eee; padding: 8px;\">H\u00f6ft<\/td>\n<td style=\"border: 1px solid #eee; padding: 8px;\">58<\/td>\n<td style=\"border: 1px solid #eee; padding: 8px;\">59<\/td>\n<td style=\"border: 1px solid #eee; padding: 8px;\">71<\/td>\n<\/tr>\n<tr style=\"background-color: #f7f7f7; text-align: center;\">\n<td style=\"font-weight: bold; border: 1px solid #eee; padding: 8px;\">Hals<\/td>\n<td style=\"border: 1px solid #eee; padding: 8px;\">18<\/td>\n<td style=\"border: 1px solid #eee; padding: 8px;\">11<\/td>\n<td style=\"border: 1px solid #eee; padding: 8px;\">22<\/td>\n<\/tr>\n<tr style=\"background-color: white; text-align: center;\">\n<td style=\"font-weight: bold; border: 1px solid #eee; padding: 8px;\">Axelbredd<\/td>\n<td style=\"border: 1px solid #eee; padding: 8px;\">19<\/td>\n<td style=\"border: 1px solid #eee; padding: 8px;\">19<\/td>\n<td style=\"border: 1px solid #eee; padding: 8px;\">24<\/td>\n<\/tr>\n<tr style=\"background-color: #f7f7f7; text-align: center;\">\n<td style=\"font-weight: bold; border: 1px solid #eee; padding: 8px;\">Arml\u00e4ngd<\/td>\n<td style=\"border: 1px solid #eee; padding: 8px;\">41<\/td>\n<td style=\"border: 1px solid #eee; padding: 8px;\">41<\/td>\n<td style=\"border: 1px solid #eee; padding: 8px;\">50<\/td>\n<\/tr>\n<tr style=\"background-color: white; text-align: center;\">\n<td style=\"font-weight: bold; border: 1px solid #eee; padding: 8px;\">L\u00e5rl\u00e4ngd<\/td>\n<td style=\"border: 1px solid #eee; padding: 8px;\">20<\/td>\n<td style=\"border: 1px solid #eee; padding: 8px;\">22<\/td>\n<td style=\"border: 1px solid #eee; padding: 8px;\">25<\/td>\n<\/tr>\n<tr style=\"background-color: #f7f7f7; text-align: center;\">\n<td style=\"font-weight: bold; border: 1px solid #eee; padding: 8px;\">L\u00e5romkrets<\/td>\n<td style=\"border: 1px solid #eee; padding: 8px;\">32<\/td>\n<td style=\"border: 1px solid #eee; padding: 8px;\">33<\/td>\n<td style=\"border: 1px solid #eee; padding: 8px;\">29<\/td>\n<\/tr>\n<tr style=\"background-color: white; text-align: center;\">\n<td style=\"font-weight: bold; border: 1px solid #eee; padding: 8px;\">Benl\u00e4ngd<\/td>\n<td style=\"border: 1px solid #eee; padding: 8px;\">25<\/td>\n<td style=\"border: 1px solid #eee; padding: 8px;\">29<\/td>\n<td style=\"border: 1px solid #eee; padding: 8px;\">37<\/td>\n<\/tr>\n<tr style=\"background-color: #f7f7f7; text-align: center;\">\n<td style=\"font-weight: bold; border: 1px solid #eee; padding: 8px;\">Palm<\/td>\n<td style=\"border: 1px solid #eee; padding: 8px;\">11<\/td>\n<td style=\"border: 1px solid #eee; padding: 8px;\">11<\/td>\n<td style=\"border: 1px solid #eee; padding: 8px;\">12.5<\/td>\n<\/tr>\n<tr style=\"background-color: white; text-align: center;\">\n<td style=\"font-weight: bold; border: 1px solid #eee; padding: 8px;\">Fot l\u00e5ng<\/td>\n<td style=\"border: 1px solid #eee; padding: 8px;\">13<\/td>\n<td style=\"border: 1px solid #eee; padding: 8px;\">15<\/td>\n<td style=\"border: 1px solid #eee; padding: 8px;\">15<\/td>\n<\/tr>\n<tr style=\"background-color: #f7f7f7; text-align: center;\">\n<td style=\"font-weight: bold; border: 1px solid #eee; padding: 8px;\">Nettovikt<\/td>\n<td style=\"border: 1px solid #eee; padding: 8px;\">12.5<\/td>\n<td style=\"border: 1px solid #eee; padding: 8px;\">14<\/td>\n<td style=\"border: 1px solid #eee; padding: 8px;\">17<\/td>\n<\/tr>\n<tr style=\"background-color: white; text-align: center;\">\n<td style=\"font-weight: bold; border: 1px solid #eee; padding: 8px;\">Munnens djup<\/td>\n<td style=\"border: 1px solid #eee; padding: 8px;\">12<\/td>\n<td style=\"border: 1px solid #eee; padding: 8px;\">12<\/td>\n<td style=\"border: 1px solid #eee; padding: 8px;\">15<\/td>\n<\/tr>\n<tr style=\"background-color: #f7f7f7; text-align: center;\">\n<td style=\"font-weight: bold; border: 1px solid #eee; padding: 8px;\">Vaginans djup<\/td>\n<td style=\"border: 1px solid #eee; padding: 8px;\">15<\/td>\n<td style=\"border: 1px solid #eee; padding: 8px;\">15<\/td>\n<td style=\"border: 1px solid #eee; padding: 8px;\">16<\/td>\n<\/tr>\n<tr style=\"background-color: white; text-align: center;\">\n<td style=\"font-weight: bold; border: 1px solid #eee; padding: 8px;\">Anusdjup<\/td>\n<td style=\"border: 1px solid #eee; padding: 8px;\">15<\/td>\n<td style=\"border: 1px solid #eee; padding: 8px;\">15<\/td>\n<td style=\"border: 1px solid #eee; padding: 8px;\">16<\/td>\n<\/tr>\n<tr style=\"background-color: #f7f7f7; text-align: center;\">\n<td style=\"font-weight: bold; border: 1px solid #eee; padding: 8px;\">Packad vikt<\/td>\n<td style=\"border: 1px solid #eee; padding: 8px;\">14<\/td>\n<td style=\"border: 1px solid #eee; padding: 8px;\">16<\/td>\n<td style=\"border: 1px solid #eee; padding: 8px;\">19.5<\/td>\n<\/tr>\n<tr style=\"background-color: white; text-align: center;\">\n<td style=\"font-weight: bold; border: 1px solid #eee; padding: 8px;\">Paketstorlek<\/td>\n<td style=\"border: 1px solid #eee; padding: 8px;\">92*30*22<\/td>\n<td style=\"border: 1px solid #eee; padding: 8px;\">97*30*22<\/td>\n<td style=\"border: 1px solid #eee; padding: 8px;\">113*30*22<\/td>\n<\/tr>\n<tr style=\"background-color: #f7f7f7; text-align: center;\">\n<td style=\"font-weight: bold; border: 1px solid #eee; padding: 8px;\">Paketlista<\/td>\n<td style=\"border: 1px solid #eee; padding: 8px;\" colspan=\"3\">Inneh\u00e5ller: 1 sexdocka, 1 slumpm\u00e4ssig peruk, 1 par \u00f6gon, 1 slumpm\u00e4ssigt underkl\u00e4desset, 1 par handskar och 1 kam.<\/td>\n<\/tr>\n<\/tbody>\n<\/table>\n<\/div>\n<p style=\"font-size: 14px; color: #555; text-align: center; margin-top: 10px;\">Obs: Alla m\u00e5tt tas manuellt. En avvikelse p\u00e5 1\u20133 cm anses vara normal.<\/p>\n\n<p>&nbsp;<\/p>\n<p>&nbsp;<\/p>","protected":false},"excerpt":{"rendered":"<p>Sexdockorna \u00e4r tillverkade av TPE-material och du kan anpassa sexdockorna med olika stilar genom att byta ut peruker, dr\u00e4kter och \u00f6gon.<\/p>","protected":false},"featured_media":17245,"comment_status":"open","ping_status":"closed","template":"","meta":[],"product_brand":[],"product_cat":[53,55,56,57,74,18,81,24,27,23,64,70,28,65,30,38,73,41,82,79,62,26,39,66,80,40,31,69,32,77,25,33,29,20,148,21,34,72,19,42,44,71,76,36,35,84,63,61,75,37,78],"product_tag":[],"class_list":{"0":"post-17234","1":"product","2":"type-product","3":"status-publish","4":"has-post-thumbnail","6":"product_cat-100cm-sex-dolls","7":"product_cat-110cm-sex-dolls","8":"product_cat-120cm-sex-dolls","9":"product_cat-125cm-sex-dolls","10":"product_cat-6ye-doll","11":"product_cat-adult-doll","12":"product_cat-aibei-doll","13":"product_cat-american-sex-doll","14":"product_cat-anime-sex-dolls","15":"product_cat-asian-sex-doll","16":"product_cat-australia-stock-sex-doll","17":"product_cat-axb-doll","18":"product_cat-blonde-sex-doll","19":"product_cat-canada-stock-sex-doll","20":"product_cat-cheap-sex-doll","21":"product_cat-chubby-sex-dolls","22":"product_cat-climax-doll","23":"product_cat-curvy-sex-dolls","24":"product_cat-dolls-castle","25":"product_cat-elsa-babe","26":"product_cat-eu-stock-sex-doll","27":"product_cat-european-sex-dolls","28":"product_cat-fantasy-sex-doll","29":"product_cat-female-sex-dolls","30":"product_cat-fire-doll","31":"product_cat-full-body-sex-dolls","32":"product_cat-full-size-sex-dolls","33":"product_cat-girl-sex-dolls","34":"product_cat-hentai-sex-dolls","35":"product_cat-irontech-sex-dolls","36":"product_cat-japanese-sex-dolls","37":"product_cat-life-like-sex-dolls","38":"product_cat-life-size-sex-dolls","39":"product_cat-love-doll","40":"product_cat-midget-sex-doll","41":"product_cat-miniature-sex-doll","42":"product_cat-petite-sex-dolls","43":"product_cat-qita-doll","44":"product_cat-real-doll","45":"product_cat-skinny-sex-dolls","46":"product_cat-small-breast-sex-doll","47":"product_cat-sy-doll","48":"product_cat-tantaly-sex-doll","49":"product_cat-teen-sex-dolls","50":"product_cat-tiny-sex-dolls","51":"product_cat-tpe-sex-dolls","52":"product_cat-uk-stock-sex-doll","53":"product_cat-us-stock-sex-dolls","54":"product_cat-wm-doll","55":"product_cat-young-sex-dolls","56":"product_cat-zelex-doll","58":"first","59":"instock","60":"sale","61":"shipping-taxable","62":"purchasable","63":"product-type-variable","64":"has-default-attributes"},"_links":{"self":[{"href":"https:\/\/www.sexdollmini.com\/sv\/wp-json\/wp\/v2\/product\/17234","targetHints":{"allow":["GET"]}}],"collection":[{"href":"https:\/\/www.sexdollmini.com\/sv\/wp-json\/wp\/v2\/product"}],"about":[{"href":"https:\/\/www.sexdollmini.com\/sv\/wp-json\/wp\/v2\/types\/product"}],"replies":[{"embeddable":true,"href":"https:\/\/www.sexdollmini.com\/sv\/wp-json\/wp\/v2\/comments?post=17234"}],"wp:featuredmedia":[{"embeddable":true,"href":"https:\/\/www.sexdollmini.com\/sv\/wp-json\/wp\/v2\/media\/17245"}],"wp:attachment":[{"href":"https:\/\/www.sexdollmini.com\/sv\/wp-json\/wp\/v2\/media?parent=17234"}],"wp:term":[{"taxonomy":"product_brand","embeddable":true,"href":"https:\/\/www.sexdollmini.com\/sv\/wp-json\/wp\/v2\/product_brand?post=17234"},{"taxonomy":"product_cat","embeddable":true,"href":"https:\/\/www.sexdollmini.com\/sv\/wp-json\/wp\/v2\/product_cat?post=17234"},{"taxonomy":"product_tag","embeddable":true,"href":"https:\/\/www.sexdollmini.com\/sv\/wp-json\/wp\/v2\/product_tag?post=17234"}],"curies":[{"name":"wp","href":"https:\/\/api.w.org\/{rel}","templated":true}]}}