{"id":17543,"date":"2025-07-30T00:42:11","date_gmt":"2025-07-30T07:42:11","guid":{"rendered":"https:\/\/www.sexdollmini.com\/?post_type=product&#038;p=17543"},"modified":"2026-05-09T14:02:02","modified_gmt":"2026-05-09T21:02:02","slug":"kismet-130cm-silicone-head-sex-doll","status":"publish","type":"product","link":"https:\/\/www.sexdollmini.com\/sv\/produkt\/kismet-130cm-silicone-head-sex-doll\/","title":{"rendered":"Kismet 130cm silikon sexdocka med huvud"},"content":{"rendered":"<p>Sexdockans 130 cm l\u00e5nga silikonhuvud f\u00e5ngar fantastiska detaljer, fr\u00e5n individuella \u00f6gonfransar till naturlig l\u00e4ppstruktur. Till skillnad fr\u00e5n vanliga TPE-ansikten bibeh\u00e5ller silikonet tydligare ansiktsdrag och sminket h\u00e5ller l\u00e4ngre. Sammantaget maximerar silikonhuvudet i kombination med den motst\u00e5ndskraftiga TPE-kroppen sexdockans valuta f\u00f6r pengarna och b\u00e4sta m\u00f6jliga upplevelse.<\/p>\n<p>&nbsp;<\/p>\n<p>H\u00f6jd: 130 cm<br \/>\nByst: 67 cm<br \/>\nMidja: 56 cm<br \/>\nH\u00f6fter: 85 cm<br \/>\nNettovikt: 26 kg<br \/>\nBruttovikt: 31 kg<br \/>\nF\u00f6rpackningsstorlek: 130 * 35 * 26 cm<\/p>\n<p>&nbsp;<\/p>\n<p>V\u00e4nligen till\u00e5t 2-4 cm skillnad i manuell m\u00e4tning p\u00e5 grund av manuell m\u00e4tning.<\/p>","protected":false},"excerpt":{"rendered":"<p>Trots sin kompakta storlek har sexdockan p\u00e5 130 cm ett intakt inre skelett som m\u00f6jligg\u00f6r ett brett utbud av intima poser och realistiska fotoposer. Sexdockan p\u00e5 130 cm har ett o\u00f6vertr\u00e4ffat realistiskt silikonhuvud och en kropp tillverkad av TPE.<\/p>","protected":false},"featured_media":17557,"comment_status":"open","ping_status":"closed","template":"","meta":[],"product_brand":[],"product_cat":[58,74,18,81,24,27,23,70,28,30,38,73,41,82,79,26,39,66,80,43,40,31,69,32,77,25,33,29,20,21,34,72,19,42,44,71,76,36,35,84,61,75,37,78],"product_tag":[],"class_list":{"0":"post-17543","1":"product","2":"type-product","3":"status-publish","4":"has-post-thumbnail","6":"product_cat-130cm-sex-dolls","7":"product_cat-6ye-doll","8":"product_cat-adult-doll","9":"product_cat-aibei-doll","10":"product_cat-american-sex-doll","11":"product_cat-anime-sex-dolls","12":"product_cat-asian-sex-doll","13":"product_cat-axb-doll","14":"product_cat-blonde-sex-doll","15":"product_cat-cheap-sex-doll","16":"product_cat-chubby-sex-dolls","17":"product_cat-climax-doll","18":"product_cat-curvy-sex-dolls","19":"product_cat-dolls-castle","20":"product_cat-elsa-babe","21":"product_cat-european-sex-dolls","22":"product_cat-fantasy-sex-doll","23":"product_cat-female-sex-dolls","24":"product_cat-fire-doll","25":"product_cat-flat-chested-sex-doll","26":"product_cat-full-body-sex-dolls","27":"product_cat-full-size-sex-dolls","28":"product_cat-girl-sex-dolls","29":"product_cat-hentai-sex-dolls","30":"product_cat-irontech-sex-dolls","31":"product_cat-japanese-sex-dolls","32":"product_cat-life-like-sex-dolls","33":"product_cat-life-size-sex-dolls","34":"product_cat-love-doll","35":"product_cat-miniature-sex-doll","36":"product_cat-petite-sex-dolls","37":"product_cat-qita-doll","38":"product_cat-real-doll","39":"product_cat-skinny-sex-dolls","40":"product_cat-small-breast-sex-doll","41":"product_cat-sy-doll","42":"product_cat-tantaly-sex-doll","43":"product_cat-teen-sex-dolls","44":"product_cat-tiny-sex-dolls","45":"product_cat-tpe-sex-dolls","46":"product_cat-us-stock-sex-dolls","47":"product_cat-wm-doll","48":"product_cat-young-sex-dolls","49":"product_cat-zelex-doll","51":"first","52":"instock","53":"sale","54":"shipping-taxable","55":"purchasable","56":"product-type-simple"},"_links":{"self":[{"href":"https:\/\/www.sexdollmini.com\/sv\/wp-json\/wp\/v2\/product\/17543","targetHints":{"allow":["GET"]}}],"collection":[{"href":"https:\/\/www.sexdollmini.com\/sv\/wp-json\/wp\/v2\/product"}],"about":[{"href":"https:\/\/www.sexdollmini.com\/sv\/wp-json\/wp\/v2\/types\/product"}],"replies":[{"embeddable":true,"href":"https:\/\/www.sexdollmini.com\/sv\/wp-json\/wp\/v2\/comments?post=17543"}],"wp:featuredmedia":[{"embeddable":true,"href":"https:\/\/www.sexdollmini.com\/sv\/wp-json\/wp\/v2\/media\/17557"}],"wp:attachment":[{"href":"https:\/\/www.sexdollmini.com\/sv\/wp-json\/wp\/v2\/media?parent=17543"}],"wp:term":[{"taxonomy":"product_brand","embeddable":true,"href":"https:\/\/www.sexdollmini.com\/sv\/wp-json\/wp\/v2\/product_brand?post=17543"},{"taxonomy":"product_cat","embeddable":true,"href":"https:\/\/www.sexdollmini.com\/sv\/wp-json\/wp\/v2\/product_cat?post=17543"},{"taxonomy":"product_tag","embeddable":true,"href":"https:\/\/www.sexdollmini.com\/sv\/wp-json\/wp\/v2\/product_tag?post=17543"}],"curies":[{"name":"wp","href":"https:\/\/api.w.org\/{rel}","templated":true}]}}