{"id":16242,"date":"2025-06-08T21:49:12","date_gmt":"2025-06-09T04:49:12","guid":{"rendered":"https:\/\/www.sexdollmini.com\/?post_type=product&#038;p=16242"},"modified":"2025-09-11T00:15:59","modified_gmt":"2025-09-11T07:15:59","slug":"island-big-boobs-asian-sex-doll","status":"publish","type":"product","link":"https:\/\/www.sexdollmini.com\/tr\/urun\/island-big-boobs-asian-sex-doll\/","title":{"rendered":"Ada B\u00fcy\u00fck G\u00f6\u011f\u00fcsl\u00fc Asyal\u0131 Seks Bebe\u011fi"},"content":{"rendered":"<h2>Seks bebeklerinin detaylar\u0131<\/h2>\n<p>Kalbinizde arzulad\u0131\u011f\u0131n\u0131z partner, kocaman g\u00f6\u011f\u00fcsleri ve k\u00fc\u00e7\u00fck g\u00f6vdesiyle Island seks bebe\u011fiyle ayn\u0131 m\u0131? Bir g\u00fcn d\u0131\u015far\u0131da \u00e7iseliyordu ve iri g\u00f6\u011f\u00fcsl\u00fc seks bebe\u011fi yumu\u015fak bir battaniyeye sar\u0131l\u0131yd\u0131. Siz de yan\u0131nda en sevdi\u011finiz kitab\u0131 okurken, yan\u0131nda da bir fincan s\u0131cak kahve vard\u0131. Ya\u011fmur sesi en g\u00fczel beyaz g\u00fcr\u00fclt\u00fcye d\u00f6n\u00fc\u015ft\u00fc ve zaman o anda durmu\u015f gibiydi, ki bu \u00e7ok g\u00fczeldi. Ger\u00e7ekten sessiz bir partner istiyorsan\u0131z, Island seks bebe\u011fini d\u00fc\u015f\u00fcnebilirsiniz.<\/p>\n<p>Y\u00fckseklik: 100cm<br \/>\nG\u00f6\u011f\u00fcs: 63cm<br \/>\nBel: 43cm<br \/>\nKal\u00e7a: 64cm<br \/>\nAn\u00fcs Derinli\u011fi: 13cm<br \/>\nVajina Derinli\u011fi: 13 cm<br \/>\nA\u011f\u0131z Derinli\u011fi: 10cm<br \/>\nNet A\u011f\u0131rl\u0131k: 14kg<br \/>\nBr\u00fct A\u011f\u0131rl\u0131k: 17kg<\/p>\n<p>&nbsp;<\/p>\n<p>Manuel \u00f6l\u00e7\u00fcm nedeniyle 2-4 cm&#039;lik manuel \u00f6l\u00e7\u00fcm fark\u0131na izin verin.<\/p>","protected":false},"excerpt":{"rendered":"<p>100 cm&#039;lik bir seks bebe\u011fiyle birlikteyken, \u00fcz\u00fcc\u00fc olaylarla kar\u015f\u0131la\u015ft\u0131\u011f\u0131n\u0131zda, yorgun ya da mutlu oldu\u011funuzda, seks bebe\u011fine s\u0131ms\u0131k\u0131 sar\u0131lmak t\u00fcm duygular\u0131n\u0131z\u0131 an\u0131nda eritebilir. \u0130\u015fte o an, hayattaki her \u015fey g\u00fczeldir.<\/p>","protected":false},"featured_media":16350,"comment_status":"open","ping_status":"closed","template":"","meta":[],"product_brand":[],"product_cat":[53,74,18,81,24,27,23,64,70,28,65,30,38,73,41,82,79,62,26,39,66,80,40,31,69,32,77,25,33,29,20,21,34,72,19,42,71,76,36,35,84,63,61,75,37,78],"product_tag":[],"class_list":{"0":"post-16242","1":"product","2":"type-product","3":"status-publish","4":"has-post-thumbnail","6":"product_cat-100cm-sex-dolls","7":"product_cat-6ye-doll","8":"product_cat-adult-doll","9":"product_cat-aibei-doll","10":"product_cat-american-sex-doll","11":"product_cat-anime-sex-dolls","12":"product_cat-asian-sex-doll","13":"product_cat-australia-stock-sex-doll","14":"product_cat-axb-doll","15":"product_cat-blonde-sex-doll","16":"product_cat-canada-stock-sex-doll","17":"product_cat-cheap-sex-doll","18":"product_cat-chubby-sex-dolls","19":"product_cat-climax-doll","20":"product_cat-curvy-sex-dolls","21":"product_cat-dolls-castle","22":"product_cat-elsa-babe","23":"product_cat-eu-stock-sex-doll","24":"product_cat-european-sex-dolls","25":"product_cat-fantasy-sex-doll","26":"product_cat-female-sex-dolls","27":"product_cat-fire-doll","28":"product_cat-full-body-sex-dolls","29":"product_cat-full-size-sex-dolls","30":"product_cat-girl-sex-dolls","31":"product_cat-hentai-sex-dolls","32":"product_cat-irontech-sex-dolls","33":"product_cat-japanese-sex-dolls","34":"product_cat-life-like-sex-dolls","35":"product_cat-life-size-sex-dolls","36":"product_cat-love-doll","37":"product_cat-miniature-sex-doll","38":"product_cat-petite-sex-dolls","39":"product_cat-qita-doll","40":"product_cat-real-doll","41":"product_cat-skinny-sex-dolls","42":"product_cat-sy-doll","43":"product_cat-tantaly-sex-doll","44":"product_cat-teen-sex-dolls","45":"product_cat-tiny-sex-dolls","46":"product_cat-tpe-sex-dolls","47":"product_cat-uk-stock-sex-doll","48":"product_cat-us-stock-sex-dolls","49":"product_cat-wm-doll","50":"product_cat-young-sex-dolls","51":"product_cat-zelex-doll","53":"first","54":"instock","55":"sale","56":"shipping-taxable","57":"purchasable","58":"product-type-simple"},"_links":{"self":[{"href":"https:\/\/www.sexdollmini.com\/tr\/wp-json\/wp\/v2\/product\/16242","targetHints":{"allow":["GET"]}}],"collection":[{"href":"https:\/\/www.sexdollmini.com\/tr\/wp-json\/wp\/v2\/product"}],"about":[{"href":"https:\/\/www.sexdollmini.com\/tr\/wp-json\/wp\/v2\/types\/product"}],"replies":[{"embeddable":true,"href":"https:\/\/www.sexdollmini.com\/tr\/wp-json\/wp\/v2\/comments?post=16242"}],"wp:featuredmedia":[{"embeddable":true,"href":"https:\/\/www.sexdollmini.com\/tr\/wp-json\/wp\/v2\/media\/16350"}],"wp:attachment":[{"href":"https:\/\/www.sexdollmini.com\/tr\/wp-json\/wp\/v2\/media?parent=16242"}],"wp:term":[{"taxonomy":"product_brand","embeddable":true,"href":"https:\/\/www.sexdollmini.com\/tr\/wp-json\/wp\/v2\/product_brand?post=16242"},{"taxonomy":"product_cat","embeddable":true,"href":"https:\/\/www.sexdollmini.com\/tr\/wp-json\/wp\/v2\/product_cat?post=16242"},{"taxonomy":"product_tag","embeddable":true,"href":"https:\/\/www.sexdollmini.com\/tr\/wp-json\/wp\/v2\/product_tag?post=16242"}],"curies":[{"name":"wp","href":"https:\/\/api.w.org\/{rel}","templated":true}]}}