{"id":16370,"date":"2025-06-12T00:41:17","date_gmt":"2025-06-12T07:41:17","guid":{"rendered":"https:\/\/www.sexdollmini.com\/?post_type=product&#038;p=16370"},"modified":"2025-12-18T00:31:48","modified_gmt":"2025-12-18T08:31:48","slug":"elena-flat-female-petite-sex-doll","status":"publish","type":"product","link":"https:\/\/www.sexdollmini.com\/tr\/urun\/elena-flat-female-petite-sex-doll\/","title":{"rendered":"Elena d\u00fcz kad\u0131n minyon seks bebek"},"content":{"rendered":"<h2>Seks bebeklerinin detaylar\u0131<\/h2>\n<p>Seks bebe\u011finin ten rengi bembeyaz kar gibi ve boyu da ayarlanabilir. Hayat\u0131n\u0131z\u0131 daha ilgin\u00e7 hale getirmek i\u00e7in be\u011fendi\u011finiz d\u00fcz g\u00f6\u011f\u00fcsl\u00fc bir seks bebe\u011fi se\u00e7in. S\u0131cak bir gecede pijamalar\u0131n\u0131z\u0131 giymi\u015f, yatakta uzanm\u0131\u015f, son d\u00fc\u015f\u00fcncelerinizi minyon seks bebe\u011fiyle payla\u015f\u0131yor, ge\u00e7mi\u015fteki utan\u00e7lar\u0131n\u0131z\u0131 hat\u0131rl\u0131yor veya yatakta uzan\u0131p porno seks bebe\u011fiyle film izliyorsunuz. \u015eu anda d\u00fcnya sadece size ve seks bebe\u011fine aitmi\u015f gibi g\u00f6r\u00fcn\u00fcyor.<\/p>\n<p>&nbsp;<\/p>\n<p>Y\u00fckseklik: 100cm<br \/>\nG\u00f6\u011f\u00fcs: 47cm<br \/>\nBel: 38cm<br \/>\nKal\u00e7a: 59cm<br \/>\nAn\u00fcs Derinli\u011fi: 11cm<br \/>\nVajina Derinli\u011fi: 14 cm<br \/>\nA\u011f\u0131z Derinli\u011fi: 10cm<br \/>\nNet A\u011f\u0131rl\u0131k: 13kg<br \/>\nBr\u00fct A\u011f\u0131rl\u0131k: 15kg<\/p>\n<p>&nbsp;<\/p>\n<p>Y\u00fckseklik: 125cm<br \/>\nG\u00f6\u011f\u00fcs: 57cm<br \/>\nBel: 42cm<br \/>\nKal\u00e7a: 62cm<br \/>\nAn\u00fcs Derinli\u011fi: 16cm<br \/>\nVajina Derinli\u011fi: 17 cm<br \/>\nA\u011f\u0131z Derinli\u011fi: 12cm<br \/>\nNet A\u011f\u0131rl\u0131k: 17kg<br \/>\nBr\u00fct A\u011f\u0131rl\u0131k: 20kg<\/p>\n<p>&nbsp;<\/p>\n<p>&nbsp;<\/p>\n<p>Manuel \u00f6l\u00e7\u00fcm nedeniyle 2-4 cm&#039;lik manuel \u00f6l\u00e7\u00fcm fark\u0131na izin verin.<\/p>","protected":false},"excerpt":{"rendered":"<p>Gelecekte k\u00fc\u00e7\u00fck bir seks bebe\u011fiyle bir gezi planl\u0131yor olun, seks bebe\u011fi olan k\u00fc\u00e7\u00fck bir eve sahip olmay\u0131 hayal ediyor olun veya sadece &quot;yar\u0131n porno seks bebe\u011fiyle ne yapaca\u011f\u0131n\u0131z\u0131&quot; d\u00fc\u015f\u00fcn\u00fcyor olun, bu k\u00fc\u00e7\u00fck beklentiler s\u0131radan g\u00fcnlerinizi iple \u00e7ekmeye de\u011fer k\u0131l\u0131yor.<\/p>","protected":false},"featured_media":16379,"comment_status":"open","ping_status":"closed","template":"","meta":[],"product_brand":[],"product_cat":[53,56,57,74,18,81,24,27,23,64,70,28,65,30,38,73,41,82,79,62,26,39,66,80,43,40,31,69,32,77,25,33,29,20,21,34,72,19,42,44,71,76,36,35,84,63,61,75,37,78],"product_tag":[],"class_list":{"0":"post-16370","1":"product","2":"type-product","3":"status-publish","4":"has-post-thumbnail","6":"product_cat-100cm-sex-dolls","7":"product_cat-120cm-sex-dolls","8":"product_cat-125cm-sex-dolls","9":"product_cat-6ye-doll","10":"product_cat-adult-doll","11":"product_cat-aibei-doll","12":"product_cat-american-sex-doll","13":"product_cat-anime-sex-dolls","14":"product_cat-asian-sex-doll","15":"product_cat-australia-stock-sex-doll","16":"product_cat-axb-doll","17":"product_cat-blonde-sex-doll","18":"product_cat-canada-stock-sex-doll","19":"product_cat-cheap-sex-doll","20":"product_cat-chubby-sex-dolls","21":"product_cat-climax-doll","22":"product_cat-curvy-sex-dolls","23":"product_cat-dolls-castle","24":"product_cat-elsa-babe","25":"product_cat-eu-stock-sex-doll","26":"product_cat-european-sex-dolls","27":"product_cat-fantasy-sex-doll","28":"product_cat-female-sex-dolls","29":"product_cat-fire-doll","30":"product_cat-flat-chested-sex-doll","31":"product_cat-full-body-sex-dolls","32":"product_cat-full-size-sex-dolls","33":"product_cat-girl-sex-dolls","34":"product_cat-hentai-sex-dolls","35":"product_cat-irontech-sex-dolls","36":"product_cat-japanese-sex-dolls","37":"product_cat-life-like-sex-dolls","38":"product_cat-life-size-sex-dolls","39":"product_cat-love-doll","40":"product_cat-miniature-sex-doll","41":"product_cat-petite-sex-dolls","42":"product_cat-qita-doll","43":"product_cat-real-doll","44":"product_cat-skinny-sex-dolls","45":"product_cat-small-breast-sex-doll","46":"product_cat-sy-doll","47":"product_cat-tantaly-sex-doll","48":"product_cat-teen-sex-dolls","49":"product_cat-tiny-sex-dolls","50":"product_cat-tpe-sex-dolls","51":"product_cat-uk-stock-sex-doll","52":"product_cat-us-stock-sex-dolls","53":"product_cat-wm-doll","54":"product_cat-young-sex-dolls","55":"product_cat-zelex-doll","57":"first","58":"instock","59":"sale","60":"shipping-taxable","61":"purchasable","62":"product-type-variable","63":"has-default-attributes"},"_links":{"self":[{"href":"https:\/\/www.sexdollmini.com\/tr\/wp-json\/wp\/v2\/product\/16370","targetHints":{"allow":["GET"]}}],"collection":[{"href":"https:\/\/www.sexdollmini.com\/tr\/wp-json\/wp\/v2\/product"}],"about":[{"href":"https:\/\/www.sexdollmini.com\/tr\/wp-json\/wp\/v2\/types\/product"}],"replies":[{"embeddable":true,"href":"https:\/\/www.sexdollmini.com\/tr\/wp-json\/wp\/v2\/comments?post=16370"}],"wp:featuredmedia":[{"embeddable":true,"href":"https:\/\/www.sexdollmini.com\/tr\/wp-json\/wp\/v2\/media\/16379"}],"wp:attachment":[{"href":"https:\/\/www.sexdollmini.com\/tr\/wp-json\/wp\/v2\/media?parent=16370"}],"wp:term":[{"taxonomy":"product_brand","embeddable":true,"href":"https:\/\/www.sexdollmini.com\/tr\/wp-json\/wp\/v2\/product_brand?post=16370"},{"taxonomy":"product_cat","embeddable":true,"href":"https:\/\/www.sexdollmini.com\/tr\/wp-json\/wp\/v2\/product_cat?post=16370"},{"taxonomy":"product_tag","embeddable":true,"href":"https:\/\/www.sexdollmini.com\/tr\/wp-json\/wp\/v2\/product_tag?post=16370"}],"curies":[{"name":"wp","href":"https:\/\/api.w.org\/{rel}","templated":true}]}}