{"id":16403,"date":"2025-06-12T02:23:18","date_gmt":"2025-06-12T09:23:18","guid":{"rendered":"https:\/\/www.sexdollmini.com\/?post_type=product&#038;p=16403"},"modified":"2025-10-22T22:01:13","modified_gmt":"2025-10-23T05:01:13","slug":"nell-108cm-bbw-europe-sex-doll","status":"publish","type":"product","link":"https:\/\/www.sexdollmini.com\/tr\/urun\/nell-108cm-bbw-europe-sex-doll\/","title":{"rendered":"Nell 108cm Bbw Avrupa Seks Bebe\u011fi"},"content":{"rendered":"<h2>Seks bebeklerinin detaylar\u0131<\/h2>\n<p>108 cm boyundaki Nell seks bebe\u011fi bir ev han\u0131m\u0131d\u0131r, Nell seks bebeklerinin bir i\u015fi yoktur, BBW seks bebeklerinin her g\u00fcn yapmas\u0131 gereken \u015fey, eve gelmenizi beklemek, s\u00f6ylediklerinizi dinlemek, size cinsel hizmet sunmak i\u00e7in her \u015feyi d\u00f6kmek ve nitelikli bir arkada\u015f gibi davranmak i\u00e7in \u00e7abalamakt\u0131r. Bu\u011fday tenli Avrupal\u0131 seks bebe\u011fi, ten rengi ger\u00e7ek ki\u015fiye yak\u0131nd\u0131r ve ten dokunu\u015fu \u00e7ok ger\u00e7ek\u00e7idir.<\/p>\n<p>Y\u00fckseklik: 108cm<br \/>\nG\u00f6\u011f\u00fcs: 81cm<br \/>\nBel: 46cm<br \/>\nKal\u00e7a: 80cm<br \/>\nNet a\u011f\u0131rl\u0131k: 22kg<br \/>\nBr\u00fct a\u011f\u0131rl\u0131k: 26kg<br \/>\nPaketleme 100*36*26CM<br \/>\nVajina uzunlu\u011fu: 15CM<br \/>\nAn\u00fcs: 13CM<br \/>\nOral seks: 10CM<\/p>\n<p>&nbsp;<\/p>\n<p>Manuel \u00f6l\u00e7\u00fcm nedeniyle 2-4 cm&#039;lik manuel \u00f6l\u00e7\u00fcm fark\u0131na izin verin.<\/p>","protected":false},"excerpt":{"rendered":"<p>108 cm boyundaki seks bebe\u011fi, g\u00f6vdesinin i\u00e7inde metal iskelet ayaklarla birlikte geliyor, bu y\u00fczden bu k\u00fc\u00e7\u00fck aksesuarlar\u0131 hafife almay\u0131n. Bu k\u00fc\u00e7\u00fck aksesuarlar\u0131 hafife almay\u0131n, tombul seks bebe\u011finin bir\u00e7ok hareketi yapmas\u0131na yard\u0131mc\u0131 olabilirler.<\/p>","protected":false},"featured_media":16410,"comment_status":"open","ping_status":"closed","template":"","meta":[],"product_brand":[],"product_cat":[54,74,18,81,24,27,23,70,22,28,30,38,73,41,82,79,62,26,39,66,80,40,31,69,32,77,25,33,29,20,148,72,19,71,76,36,35,84,61,75,37,78],"product_tag":[],"class_list":{"0":"post-16403","1":"product","2":"type-product","3":"status-publish","4":"has-post-thumbnail","6":"product_cat-108cm-sex-dolls","7":"product_cat-6ye-doll","8":"product_cat-adult-doll","9":"product_cat-aibei-doll","10":"product_cat-american-sex-doll","11":"product_cat-anime-sex-dolls","12":"product_cat-asian-sex-doll","13":"product_cat-axb-doll","14":"product_cat-bbw-sex-doll","15":"product_cat-blonde-sex-doll","16":"product_cat-cheap-sex-doll","17":"product_cat-chubby-sex-dolls","18":"product_cat-climax-doll","19":"product_cat-curvy-sex-dolls","20":"product_cat-dolls-castle","21":"product_cat-elsa-babe","22":"product_cat-eu-stock-sex-doll","23":"product_cat-european-sex-dolls","24":"product_cat-fantasy-sex-doll","25":"product_cat-female-sex-dolls","26":"product_cat-fire-doll","27":"product_cat-full-body-sex-dolls","28":"product_cat-full-size-sex-dolls","29":"product_cat-girl-sex-dolls","30":"product_cat-hentai-sex-dolls","31":"product_cat-irontech-sex-dolls","32":"product_cat-japanese-sex-dolls","33":"product_cat-life-like-sex-dolls","34":"product_cat-life-size-sex-dolls","35":"product_cat-love-doll","36":"product_cat-midget-sex-doll","37":"product_cat-qita-doll","38":"product_cat-real-doll","39":"product_cat-sy-doll","40":"product_cat-tantaly-sex-doll","41":"product_cat-teen-sex-dolls","42":"product_cat-tiny-sex-dolls","43":"product_cat-tpe-sex-dolls","44":"product_cat-us-stock-sex-dolls","45":"product_cat-wm-doll","46":"product_cat-young-sex-dolls","47":"product_cat-zelex-doll","49":"first","50":"instock","51":"sale","52":"shipping-taxable","53":"purchasable","54":"product-type-simple"},"_links":{"self":[{"href":"https:\/\/www.sexdollmini.com\/tr\/wp-json\/wp\/v2\/product\/16403","targetHints":{"allow":["GET"]}}],"collection":[{"href":"https:\/\/www.sexdollmini.com\/tr\/wp-json\/wp\/v2\/product"}],"about":[{"href":"https:\/\/www.sexdollmini.com\/tr\/wp-json\/wp\/v2\/types\/product"}],"replies":[{"embeddable":true,"href":"https:\/\/www.sexdollmini.com\/tr\/wp-json\/wp\/v2\/comments?post=16403"}],"wp:featuredmedia":[{"embeddable":true,"href":"https:\/\/www.sexdollmini.com\/tr\/wp-json\/wp\/v2\/media\/16410"}],"wp:attachment":[{"href":"https:\/\/www.sexdollmini.com\/tr\/wp-json\/wp\/v2\/media?parent=16403"}],"wp:term":[{"taxonomy":"product_brand","embeddable":true,"href":"https:\/\/www.sexdollmini.com\/tr\/wp-json\/wp\/v2\/product_brand?post=16403"},{"taxonomy":"product_cat","embeddable":true,"href":"https:\/\/www.sexdollmini.com\/tr\/wp-json\/wp\/v2\/product_cat?post=16403"},{"taxonomy":"product_tag","embeddable":true,"href":"https:\/\/www.sexdollmini.com\/tr\/wp-json\/wp\/v2\/product_tag?post=16403"}],"curies":[{"name":"wp","href":"https:\/\/api.w.org\/{rel}","templated":true}]}}