{"id":16425,"date":"2025-06-12T03:17:24","date_gmt":"2025-06-12T10:17:24","guid":{"rendered":"https:\/\/www.sexdollmini.com\/?post_type=product&#038;p=16425"},"modified":"2025-07-15T00:21:28","modified_gmt":"2025-07-15T07:21:28","slug":"verda-108cm-big-tits-sex-doll","status":"publish","type":"product","link":"https:\/\/www.sexdollmini.com\/tr\/urun\/verda-108cm-big-tits-sex-doll\/","title":{"rendered":"Verda 108cm B\u00fcy\u00fck G\u00f6\u011f\u00fcsl\u00fc Seks Bebe\u011fi"},"content":{"rendered":"<h2>Seks bebeklerinin detaylar\u0131<\/h2>\n<p>B\u00fcy\u00fck g\u00f6\u011f\u00fcsl\u00fc seks bebe\u011fi, k\u0131sa boyu, b\u00fcy\u00fck g\u00f6\u011f\u00fcsleri ve korseyle s\u0131k\u0131ca sar\u0131lm\u0131\u015f b\u00fcy\u00fck bir poposuyla olduk\u00e7a seksi. Kapal\u0131 g\u00f6zleri ve sivri y\u00fcz\u00fcyle, d\u00fcnyan\u0131n sundu\u011fu g\u00fczel \u015feyleri hissediyormu\u015f gibi g\u00f6r\u00fcnen bu kad\u0131n seks bebe\u011fi, fark\u0131na bile varmadan a\u015f\u0131k olman\u0131z\u0131 sa\u011flayacak seksi bir hava yay\u0131yor. Seks bebeklerinin k\u0131sa olmas\u0131n\u0131n avantajlar\u0131ndan biri, hareketlerinin kolay olmas\u0131 ve yo\u011fun program\u0131n\u0131z bitti\u011finde bir seks bebe\u011fiyle g\u00fczel bir kar\u015f\u0131la\u015fma ya\u015fayabilmenizdir.<\/p>\n<p>Y\u00fckseklik: 108cm<br \/>\nG\u00f6\u011f\u00fcs: 81cm<br \/>\nBel: 46cm<br \/>\nKal\u00e7a: 80cm<br \/>\nNet a\u011f\u0131rl\u0131k: 22kg<br \/>\nBr\u00fct a\u011f\u0131rl\u0131k: 26kg<br \/>\nPaketleme 100*36*26CM<br \/>\nVajina uzunlu\u011fu: 15CM<br \/>\nAn\u00fcs: 13CM<br \/>\nOral seks: 10CM<\/p>\n<p>&nbsp;<\/p>\n<p>Manuel \u00f6l\u00e7\u00fcm nedeniyle 2-4 cm&#039;lik manuel \u00f6l\u00e7\u00fcm fark\u0131na izin verin.<\/p>","protected":false},"excerpt":{"rendered":"<p>Seks bebe\u011fi \u00e7ok uzun olmasa da, dolgun v\u00fccudu ona benzersiz bir \u00e7ekicilik kat\u0131yor. B\u00fcy\u00fck g\u00f6\u011f\u00fcsleri ve k\u0131\u00e7\u0131, seks bebe\u011finin v\u00fccudunu \u00e7ok seksi g\u00f6steriyor ve g\u00f6r\u00fcn\u00fc\u015f\u00fc unutulmaz.<\/p>","protected":false},"featured_media":16431,"comment_status":"open","ping_status":"closed","template":"","meta":[],"product_brand":[],"product_cat":[54,74,18,81,24,27,23,70,22,28,30,38,73,41,82,79,62,26,39,66,80,40,31,69,32,77,25,33,29,20,148,72,19,71,76,36,35,84,61,75,37,78],"product_tag":[],"class_list":{"0":"post-16425","1":"product","2":"type-product","3":"status-publish","4":"has-post-thumbnail","6":"product_cat-108cm-sex-dolls","7":"product_cat-6ye-doll","8":"product_cat-adult-doll","9":"product_cat-aibei-doll","10":"product_cat-american-sex-doll","11":"product_cat-anime-sex-dolls","12":"product_cat-asian-sex-doll","13":"product_cat-axb-doll","14":"product_cat-bbw-sex-doll","15":"product_cat-blonde-sex-doll","16":"product_cat-cheap-sex-doll","17":"product_cat-chubby-sex-dolls","18":"product_cat-climax-doll","19":"product_cat-curvy-sex-dolls","20":"product_cat-dolls-castle","21":"product_cat-elsa-babe","22":"product_cat-eu-stock-sex-doll","23":"product_cat-european-sex-dolls","24":"product_cat-fantasy-sex-doll","25":"product_cat-female-sex-dolls","26":"product_cat-fire-doll","27":"product_cat-full-body-sex-dolls","28":"product_cat-full-size-sex-dolls","29":"product_cat-girl-sex-dolls","30":"product_cat-hentai-sex-dolls","31":"product_cat-irontech-sex-dolls","32":"product_cat-japanese-sex-dolls","33":"product_cat-life-like-sex-dolls","34":"product_cat-life-size-sex-dolls","35":"product_cat-love-doll","36":"product_cat-midget-sex-doll","37":"product_cat-qita-doll","38":"product_cat-real-doll","39":"product_cat-sy-doll","40":"product_cat-tantaly-sex-doll","41":"product_cat-teen-sex-dolls","42":"product_cat-tiny-sex-dolls","43":"product_cat-tpe-sex-dolls","44":"product_cat-us-stock-sex-dolls","45":"product_cat-wm-doll","46":"product_cat-young-sex-dolls","47":"product_cat-zelex-doll","49":"first","50":"instock","51":"sale","52":"shipping-taxable","53":"purchasable","54":"product-type-simple"},"_links":{"self":[{"href":"https:\/\/www.sexdollmini.com\/tr\/wp-json\/wp\/v2\/product\/16425","targetHints":{"allow":["GET"]}}],"collection":[{"href":"https:\/\/www.sexdollmini.com\/tr\/wp-json\/wp\/v2\/product"}],"about":[{"href":"https:\/\/www.sexdollmini.com\/tr\/wp-json\/wp\/v2\/types\/product"}],"replies":[{"embeddable":true,"href":"https:\/\/www.sexdollmini.com\/tr\/wp-json\/wp\/v2\/comments?post=16425"}],"wp:featuredmedia":[{"embeddable":true,"href":"https:\/\/www.sexdollmini.com\/tr\/wp-json\/wp\/v2\/media\/16431"}],"wp:attachment":[{"href":"https:\/\/www.sexdollmini.com\/tr\/wp-json\/wp\/v2\/media?parent=16425"}],"wp:term":[{"taxonomy":"product_brand","embeddable":true,"href":"https:\/\/www.sexdollmini.com\/tr\/wp-json\/wp\/v2\/product_brand?post=16425"},{"taxonomy":"product_cat","embeddable":true,"href":"https:\/\/www.sexdollmini.com\/tr\/wp-json\/wp\/v2\/product_cat?post=16425"},{"taxonomy":"product_tag","embeddable":true,"href":"https:\/\/www.sexdollmini.com\/tr\/wp-json\/wp\/v2\/product_tag?post=16425"}],"curies":[{"name":"wp","href":"https:\/\/api.w.org\/{rel}","templated":true}]}}