{"id":16523,"date":"2025-06-12T22:00:37","date_gmt":"2025-06-13T05:00:37","guid":{"rendered":"https:\/\/www.sexdollmini.com\/?post_type=product&#038;p=16523"},"modified":"2025-09-08T06:20:14","modified_gmt":"2025-09-08T13:20:14","slug":"allegra-100cm-silicone-head-sex-doll","status":"publish","type":"product","link":"https:\/\/www.sexdollmini.com\/tr\/urun\/allegra-100cm-silicone-head-sex-doll\/","title":{"rendered":"Allegra 100 cm Silikon Ba\u015fl\u0131 Seks Bebe\u011fi"},"content":{"rendered":"<h2>Seks bebeklerinin detaylar\u0131<\/h2>\n<p>Allegra seks bebe\u011finin g\u00f6vdesi, ona ger\u00e7ek\u00e7i bir cilt dokunu\u015fu kazand\u0131rman\u0131n yan\u0131 s\u0131ra seks bebe\u011fini daha uygun maliyetli hale getiren TPE malzemeden \u00fcretilmi\u015ftir. Seks bebe\u011finin ba\u015f\u0131 silikondan yap\u0131lm\u0131\u015ft\u0131r. Silikon bebeklerden yap\u0131lan seks bebeklerinde oral seks yoktur, ancak silikon ba\u015f, bebe\u011fin daha ger\u00e7ek\u00e7i ve canl\u0131 g\u00f6r\u00fcnmesini sa\u011flayabilir. Seks bebe\u011finin b\u00fcy\u00fck g\u00f6\u011f\u00fcsleri elastikiyetle doludur ve ayr\u0131ca dar vajina ve an\u00fcs kullan\u0131labilir.<\/p>\n<p>Y\u00fckseklik: 100cm<br \/>\nA\u011f\u0131rl\u0131k: 13kg<br \/>\nG\u00f6\u011f\u00fcs: 60cm<br \/>\nBel: 36cm<br \/>\nKal\u00e7a: 60cm<br \/>\nOmuz geni\u015fli\u011fi: 20cm<br \/>\nKol uzunlu\u011fu: 31cm<br \/>\nEl uzunlu\u011fu: 12cm<br \/>\nBacak uzunlu\u011fu: 50cm<br \/>\nAyak uzunlu\u011fu: 14cm<br \/>\nKol \u00e7evresi: 17cm<br \/>\nUyluk \u00e7evresi: 34cm<br \/>\nBald\u0131r \u00e7evresi: 20cm<br \/>\nYaka: 19cm<br \/>\nVajinal derinlik: 15 cm<br \/>\nAnal derinlik: 11cm<br \/>\nPaket boyutlar\u0131: 95*30*28cm<\/p>\n<p>&nbsp;<\/p>\n<p>Manuel \u00f6l\u00e7\u00fcm nedeniyle 2-4 cm&#039;lik manuel \u00f6l\u00e7\u00fcm fark\u0131na izin verin.<\/p>","protected":false},"excerpt":{"rendered":"<p>Bu g\u00fczel 100 cm seks bebe\u011fi, silikon bir ba\u015f ve TPE bir g\u00f6vdeye sahiptir ve bu da onu seks bebekleri aras\u0131nda m\u00fckemmel bir e\u015fle\u015fme haline getirir.<\/p>","protected":false},"featured_media":16569,"comment_status":"open","ping_status":"closed","template":"","meta":[],"product_brand":[],"product_cat":[53,74,18,81,24,27,23,64,70,28,65,30,38,73,41,82,79,62,26,39,66,80,40,31,69,32,77,25,33,29,20,21,34,72,19,85,42,71,76,36,35,84,63,61,75,37,78],"product_tag":[],"class_list":{"0":"post-16523","1":"product","2":"type-product","3":"status-publish","4":"has-post-thumbnail","6":"product_cat-100cm-sex-dolls","7":"product_cat-6ye-doll","8":"product_cat-adult-doll","9":"product_cat-aibei-doll","10":"product_cat-american-sex-doll","11":"product_cat-anime-sex-dolls","12":"product_cat-asian-sex-doll","13":"product_cat-australia-stock-sex-doll","14":"product_cat-axb-doll","15":"product_cat-blonde-sex-doll","16":"product_cat-canada-stock-sex-doll","17":"product_cat-cheap-sex-doll","18":"product_cat-chubby-sex-dolls","19":"product_cat-climax-doll","20":"product_cat-curvy-sex-dolls","21":"product_cat-dolls-castle","22":"product_cat-elsa-babe","23":"product_cat-eu-stock-sex-doll","24":"product_cat-european-sex-dolls","25":"product_cat-fantasy-sex-doll","26":"product_cat-female-sex-dolls","27":"product_cat-fire-doll","28":"product_cat-full-body-sex-dolls","29":"product_cat-full-size-sex-dolls","30":"product_cat-girl-sex-dolls","31":"product_cat-hentai-sex-dolls","32":"product_cat-irontech-sex-dolls","33":"product_cat-japanese-sex-dolls","34":"product_cat-life-like-sex-dolls","35":"product_cat-life-size-sex-dolls","36":"product_cat-love-doll","37":"product_cat-miniature-sex-doll","38":"product_cat-petite-sex-dolls","39":"product_cat-qita-doll","40":"product_cat-real-doll","41":"product_cat-silicone-sex-dolls","42":"product_cat-skinny-sex-dolls","43":"product_cat-sy-doll","44":"product_cat-tantaly-sex-doll","45":"product_cat-teen-sex-dolls","46":"product_cat-tiny-sex-dolls","47":"product_cat-tpe-sex-dolls","48":"product_cat-uk-stock-sex-doll","49":"product_cat-us-stock-sex-dolls","50":"product_cat-wm-doll","51":"product_cat-young-sex-dolls","52":"product_cat-zelex-doll","54":"first","55":"instock","56":"sale","57":"shipping-taxable","58":"purchasable","59":"product-type-simple"},"_links":{"self":[{"href":"https:\/\/www.sexdollmini.com\/tr\/wp-json\/wp\/v2\/product\/16523","targetHints":{"allow":["GET"]}}],"collection":[{"href":"https:\/\/www.sexdollmini.com\/tr\/wp-json\/wp\/v2\/product"}],"about":[{"href":"https:\/\/www.sexdollmini.com\/tr\/wp-json\/wp\/v2\/types\/product"}],"replies":[{"embeddable":true,"href":"https:\/\/www.sexdollmini.com\/tr\/wp-json\/wp\/v2\/comments?post=16523"}],"wp:featuredmedia":[{"embeddable":true,"href":"https:\/\/www.sexdollmini.com\/tr\/wp-json\/wp\/v2\/media\/16569"}],"wp:attachment":[{"href":"https:\/\/www.sexdollmini.com\/tr\/wp-json\/wp\/v2\/media?parent=16523"}],"wp:term":[{"taxonomy":"product_brand","embeddable":true,"href":"https:\/\/www.sexdollmini.com\/tr\/wp-json\/wp\/v2\/product_brand?post=16523"},{"taxonomy":"product_cat","embeddable":true,"href":"https:\/\/www.sexdollmini.com\/tr\/wp-json\/wp\/v2\/product_cat?post=16523"},{"taxonomy":"product_tag","embeddable":true,"href":"https:\/\/www.sexdollmini.com\/tr\/wp-json\/wp\/v2\/product_tag?post=16523"}],"curies":[{"name":"wp","href":"https:\/\/api.w.org\/{rel}","templated":true}]}}