{"id":16525,"date":"2025-06-12T23:54:55","date_gmt":"2025-06-13T06:54:55","guid":{"rendered":"https:\/\/www.sexdollmini.com\/?post_type=product&#038;p=16525"},"modified":"2025-11-13T00:24:14","modified_gmt":"2025-11-13T08:24:14","slug":"perfect-flexible-flat-sex-doll-torso","status":"publish","type":"product","link":"https:\/\/www.sexdollmini.com\/tr\/urun\/perfect-flexible-flat-sex-doll-torso\/","title":{"rendered":"M\u00fckemmel Esnek D\u00fcz Seks Bebek G\u00f6vdesi"},"content":{"rendered":"<h2>Seks bebeklerinin detaylar\u0131<\/h2>\n<p>D\u00fcz g\u00f6\u011f\u00fcsl\u00fc seks bebe\u011fi g\u00f6vdesi, i\u00e7inde metal bir iskelet sistemine sahip ve esnek bir d\u00fcz g\u00f6\u011f\u00fcsl\u00fc seks bebe\u011fi g\u00f6vdesidir. D\u00fcz g\u00f6\u011f\u00fcsl\u00fc seks bebe\u011fi g\u00f6vdesi, koleksiyoncular i\u00e7in \u00e7ok \u00f6zel ve \u00e7ok uygundur. S\u0131k seyahat ediyorsan\u0131z veya s\u0131k s\u0131k seyahat ediyorsan\u0131z, bu seks bebe\u011fi g\u00f6vdesini yan\u0131n\u0131zda ta\u015f\u0131man\u0131z \u00e7ok kolayd\u0131r. Orta derecede a\u011f\u0131rd\u0131r ve saklamas\u0131 kolayd\u0131r.<\/p>\n<p>Y\u00fckseklik: 61cm<br \/>\nG\u00f6\u011f\u00fcs: 57cm<br \/>\nBel: 51cm<br \/>\nKal\u00e7a: 69cm<br \/>\nVajinal Derinlik: 14 cm<br \/>\nAnal Derinlik: 13cm<br \/>\nA\u011f\u0131rl\u0131k: 12kg<br \/>\nAmbalaj: 65*33*21cm<\/p>\n<p>&nbsp;<\/p>\n<p>Manuel \u00f6l\u00e7\u00fcm nedeniyle 2-4 cm&#039;lik manuel \u00f6l\u00e7\u00fcm fark\u0131na izin verin.<\/p>","protected":false},"excerpt":{"rendered":"<p>Seks bebekleri i\u00e7in \u00e7ok fazla b\u00fct\u00e7eniz yoksa, bu d\u00fcz g\u00f6\u011f\u00fcsl\u00fc seks bebe\u011fi g\u00f6vdesini d\u00fc\u015f\u00fcnebilirsiniz. Ne hafif ne de a\u011f\u0131rd\u0131r ve size iyi bir cinsel deneyim sunabilir.<\/p>","protected":false},"featured_media":16526,"comment_status":"open","ping_status":"closed","template":"","meta":[],"product_brand":[],"product_cat":[73,66,43,146,60,84],"product_tag":[],"class_list":{"0":"post-16525","1":"product","2":"type-product","3":"status-publish","4":"has-post-thumbnail","6":"product_cat-climax-doll","7":"product_cat-female-sex-dolls","8":"product_cat-flat-chested-sex-doll","9":"product_cat-half-body-sex-doll-torso","10":"product_cat-sex-doll-torso","11":"product_cat-tpe-sex-dolls","13":"first","14":"instock","15":"sale","16":"shipping-taxable","17":"purchasable","18":"product-type-simple"},"_links":{"self":[{"href":"https:\/\/www.sexdollmini.com\/tr\/wp-json\/wp\/v2\/product\/16525","targetHints":{"allow":["GET"]}}],"collection":[{"href":"https:\/\/www.sexdollmini.com\/tr\/wp-json\/wp\/v2\/product"}],"about":[{"href":"https:\/\/www.sexdollmini.com\/tr\/wp-json\/wp\/v2\/types\/product"}],"replies":[{"embeddable":true,"href":"https:\/\/www.sexdollmini.com\/tr\/wp-json\/wp\/v2\/comments?post=16525"}],"wp:featuredmedia":[{"embeddable":true,"href":"https:\/\/www.sexdollmini.com\/tr\/wp-json\/wp\/v2\/media\/16526"}],"wp:attachment":[{"href":"https:\/\/www.sexdollmini.com\/tr\/wp-json\/wp\/v2\/media?parent=16525"}],"wp:term":[{"taxonomy":"product_brand","embeddable":true,"href":"https:\/\/www.sexdollmini.com\/tr\/wp-json\/wp\/v2\/product_brand?post=16525"},{"taxonomy":"product_cat","embeddable":true,"href":"https:\/\/www.sexdollmini.com\/tr\/wp-json\/wp\/v2\/product_cat?post=16525"},{"taxonomy":"product_tag","embeddable":true,"href":"https:\/\/www.sexdollmini.com\/tr\/wp-json\/wp\/v2\/product_tag?post=16525"}],"curies":[{"name":"wp","href":"https:\/\/api.w.org\/{rel}","templated":true}]}}