{"id":16595,"date":"2025-06-25T01:21:25","date_gmt":"2025-06-25T08:21:25","guid":{"rendered":"https:\/\/www.sexdollmini.com\/?post_type=product&#038;p=16595"},"modified":"2025-12-02T07:07:32","modified_gmt":"2025-12-02T15:07:32","slug":"aurelie-young-full-body-sex-doll","status":"publish","type":"product","link":"https:\/\/www.sexdollmini.com\/tr\/urun\/aurelie-young-full-body-sex-doll\/","title":{"rendered":"Coraline Gen\u00e7 Tam V\u00fccut Seks Bebek"},"content":{"rendered":"<h2>Seks bebeklerinin detaylar\u0131<\/h2>\n<p>Bu gen\u00e7 ve tombul seks bebe\u011fi 100 cm boyunda ve beyaz tenli. Seks bebe\u011fi 22 ya\u015f\u0131nda ve bir \u015firkette \u00f6\u011frenciyken stajyerli\u011fe ge\u00e7mi\u015f. Seks bebe\u011fi, tombul v\u00fccuduyla bir model stajyeri. Seks bebe\u011fi, \u00e7e\u015fitli hareketler ve foto\u011fraflar \u00e7ekmeniz i\u00e7in bir\u00e7ok \u015fekilde poz verebilir. Foto\u011fraf \u00e7ekerken ona farkl\u0131 makyaj stilleri uygulayabilir, b\u00f6ylece \u00e7e\u015fitli modellik stillerini tamamlayabilir.<\/p>\n<p>Y\u00fckseklik: 100cm<br \/>\nG\u00f6\u011f\u00fcs: 65cm<br \/>\nBel: 50cm<br \/>\nKal\u00e7a: 67cm<br \/>\nAn\u00fcs Derinli\u011fi: 13cm<br \/>\nVajina Derinli\u011fi: 13 cm<br \/>\nA\u011f\u0131z Derinli\u011fi: 10cm<br \/>\nNet A\u011f\u0131rl\u0131k: 14kg<br \/>\nBr\u00fct A\u011f\u0131rl\u0131k: 17kg<\/p>\n<p>&nbsp;<\/p>\n<p>Manuel \u00f6l\u00e7\u00fcm nedeniyle 2-4 cm&#039;lik manuel \u00f6l\u00e7\u00fcm fark\u0131na izin verin.<\/p>","protected":false},"excerpt":{"rendered":"<p>Tam v\u00fccut seks bebekleri, \u00e7e\u015fitli stil ve makyaj stillerini kolayca destekleyebilir. Seks bebeklerine farkl\u0131 makyaj stilleri uygulayarak b\u00fcy\u00fck bir d\u00f6n\u00fc\u015f\u00fcm yaratabilirsiniz.<\/p>","protected":false},"featured_media":16604,"comment_status":"open","ping_status":"closed","template":"","meta":[],"product_brand":[],"product_cat":[53,74,18,81,24,27,23,64,70,28,65,30,38,73,41,82,79,62,26,39,66,80,40,31,69,32,77,25,33,29,20,21,34,72,19,42,71,76,36,35,84,63,61,75,37,78],"product_tag":[],"class_list":{"0":"post-16595","1":"product","2":"type-product","3":"status-publish","4":"has-post-thumbnail","6":"product_cat-100cm-sex-dolls","7":"product_cat-6ye-doll","8":"product_cat-adult-doll","9":"product_cat-aibei-doll","10":"product_cat-american-sex-doll","11":"product_cat-anime-sex-dolls","12":"product_cat-asian-sex-doll","13":"product_cat-australia-stock-sex-doll","14":"product_cat-axb-doll","15":"product_cat-blonde-sex-doll","16":"product_cat-canada-stock-sex-doll","17":"product_cat-cheap-sex-doll","18":"product_cat-chubby-sex-dolls","19":"product_cat-climax-doll","20":"product_cat-curvy-sex-dolls","21":"product_cat-dolls-castle","22":"product_cat-elsa-babe","23":"product_cat-eu-stock-sex-doll","24":"product_cat-european-sex-dolls","25":"product_cat-fantasy-sex-doll","26":"product_cat-female-sex-dolls","27":"product_cat-fire-doll","28":"product_cat-full-body-sex-dolls","29":"product_cat-full-size-sex-dolls","30":"product_cat-girl-sex-dolls","31":"product_cat-hentai-sex-dolls","32":"product_cat-irontech-sex-dolls","33":"product_cat-japanese-sex-dolls","34":"product_cat-life-like-sex-dolls","35":"product_cat-life-size-sex-dolls","36":"product_cat-love-doll","37":"product_cat-miniature-sex-doll","38":"product_cat-petite-sex-dolls","39":"product_cat-qita-doll","40":"product_cat-real-doll","41":"product_cat-skinny-sex-dolls","42":"product_cat-sy-doll","43":"product_cat-tantaly-sex-doll","44":"product_cat-teen-sex-dolls","45":"product_cat-tiny-sex-dolls","46":"product_cat-tpe-sex-dolls","47":"product_cat-uk-stock-sex-doll","48":"product_cat-us-stock-sex-dolls","49":"product_cat-wm-doll","50":"product_cat-young-sex-dolls","51":"product_cat-zelex-doll","53":"first","54":"instock","55":"sale","56":"shipping-taxable","57":"purchasable","58":"product-type-simple"},"_links":{"self":[{"href":"https:\/\/www.sexdollmini.com\/tr\/wp-json\/wp\/v2\/product\/16595","targetHints":{"allow":["GET"]}}],"collection":[{"href":"https:\/\/www.sexdollmini.com\/tr\/wp-json\/wp\/v2\/product"}],"about":[{"href":"https:\/\/www.sexdollmini.com\/tr\/wp-json\/wp\/v2\/types\/product"}],"replies":[{"embeddable":true,"href":"https:\/\/www.sexdollmini.com\/tr\/wp-json\/wp\/v2\/comments?post=16595"}],"wp:featuredmedia":[{"embeddable":true,"href":"https:\/\/www.sexdollmini.com\/tr\/wp-json\/wp\/v2\/media\/16604"}],"wp:attachment":[{"href":"https:\/\/www.sexdollmini.com\/tr\/wp-json\/wp\/v2\/media?parent=16595"}],"wp:term":[{"taxonomy":"product_brand","embeddable":true,"href":"https:\/\/www.sexdollmini.com\/tr\/wp-json\/wp\/v2\/product_brand?post=16595"},{"taxonomy":"product_cat","embeddable":true,"href":"https:\/\/www.sexdollmini.com\/tr\/wp-json\/wp\/v2\/product_cat?post=16595"},{"taxonomy":"product_tag","embeddable":true,"href":"https:\/\/www.sexdollmini.com\/tr\/wp-json\/wp\/v2\/product_tag?post=16595"}],"curies":[{"name":"wp","href":"https:\/\/api.w.org\/{rel}","templated":true}]}}