{"id":16952,"date":"2025-07-14T21:39:42","date_gmt":"2025-07-15T04:39:42","guid":{"rendered":"https:\/\/www.sexdollmini.com\/?post_type=product&#038;p=16952"},"modified":"2025-07-29T20:27:40","modified_gmt":"2025-07-30T03:27:40","slug":"lace-see-through-clothing-set-sex-doll","status":"publish","type":"product","link":"https:\/\/www.sexdollmini.com\/tr\/urun\/lace-see-through-clothing-set-sex-doll\/","title":{"rendered":"Seks Bebekleri \u0130\u00e7in Dantelli \u015eeffaf Giyim Seti"},"content":{"rendered":"<p>\u00c7e\u015fitli v\u00fccut \u015fekillerine sahip seks bebekleri i\u00e7in uygun, hafif esnekli\u011fe sahip seksi transparan kost\u00fcm.<\/p>\n<p>Giyim bedeni:<br \/>\nG\u00f6\u011f\u00fcs Alt\u0131: 75-85cm<br \/>\n\u00dcST UZUNLUK: 18cm<\/p>\n<p>&nbsp;<\/p>\n<p>Manuel \u00f6l\u00e7\u00fcm nedeniyle 1-3 cm hata pay\u0131 b\u0131rak\u0131n.<\/p>","protected":false},"excerpt":{"rendered":"<p>Seksi dantel transparan tak\u0131m \u00fc\u00e7 farkl\u0131 renk se\u00e7ene\u011fiyle sunuluyor.<\/p>","protected":false},"featured_media":16959,"comment_status":"open","ping_status":"closed","template":"","meta":[],"product_brand":[],"product_cat":[83],"product_tag":[],"class_list":{"0":"post-16952","1":"product","2":"type-product","3":"status-publish","4":"has-post-thumbnail","6":"product_cat-sex-doll-accessories","8":"first","9":"instock","10":"sale","11":"shipping-taxable","12":"purchasable","13":"product-type-variable","14":"has-default-attributes"},"_links":{"self":[{"href":"https:\/\/www.sexdollmini.com\/tr\/wp-json\/wp\/v2\/product\/16952","targetHints":{"allow":["GET"]}}],"collection":[{"href":"https:\/\/www.sexdollmini.com\/tr\/wp-json\/wp\/v2\/product"}],"about":[{"href":"https:\/\/www.sexdollmini.com\/tr\/wp-json\/wp\/v2\/types\/product"}],"replies":[{"embeddable":true,"href":"https:\/\/www.sexdollmini.com\/tr\/wp-json\/wp\/v2\/comments?post=16952"}],"wp:featuredmedia":[{"embeddable":true,"href":"https:\/\/www.sexdollmini.com\/tr\/wp-json\/wp\/v2\/media\/16959"}],"wp:attachment":[{"href":"https:\/\/www.sexdollmini.com\/tr\/wp-json\/wp\/v2\/media?parent=16952"}],"wp:term":[{"taxonomy":"product_brand","embeddable":true,"href":"https:\/\/www.sexdollmini.com\/tr\/wp-json\/wp\/v2\/product_brand?post=16952"},{"taxonomy":"product_cat","embeddable":true,"href":"https:\/\/www.sexdollmini.com\/tr\/wp-json\/wp\/v2\/product_cat?post=16952"},{"taxonomy":"product_tag","embeddable":true,"href":"https:\/\/www.sexdollmini.com\/tr\/wp-json\/wp\/v2\/product_tag?post=16952"}],"curies":[{"name":"wp","href":"https:\/\/api.w.org\/{rel}","templated":true}]}}