{"id":16974,"date":"2025-07-15T00:30:29","date_gmt":"2025-07-15T07:30:29","guid":{"rendered":"https:\/\/www.sexdollmini.com\/?post_type=product&#038;p=16974"},"modified":"2025-07-29T20:25:31","modified_gmt":"2025-07-30T03:25:31","slug":"sexy-sleepwear-set-sex-doll","status":"publish","type":"product","link":"https:\/\/www.sexdollmini.com\/tr\/urun\/sexy-sleepwear-set-sex-doll\/","title":{"rendered":"Seks Bebekleri \u0130\u00e7in Seksi Pijama Tak\u0131m\u0131"},"content":{"rendered":"<p>\u0130ki par\u00e7al\u0131 seksi dantel pijamalar, seks hayat\u0131nda fl\u00f6rt\u00f6z bir rol oynayabilir. K\u0131sa bir s\u00fcre seks bebe\u011fi olarak giyilebilir. Seks hayat\u0131 sona erdi\u011finde, seks bebe\u011finin daha uzun \u00f6m\u00fcrl\u00fc olmas\u0131 i\u00e7in seks bebe\u011finin pijamalar\u0131n\u0131 zaman\u0131nda \u00e7\u0131karman\u0131z \u00f6nerilir.<\/p>\n<p>Sadece S beden<br \/>\nG\u00f6\u011f\u00fcs: 81cm<br \/>\nBel: 59cm<br \/>\nKal\u00e7a: 90cm<\/p>\n<p>&nbsp;<\/p>\n<p>Manuel \u00f6l\u00e7\u00fcm nedeniyle 2-3 cm hata pay\u0131 b\u0131rak\u0131n.<\/p>","protected":false},"excerpt":{"rendered":"<p>S\u0131rt\u0131 a\u00e7\u0131k pijamalar genellikle dantel malzemeden yap\u0131l\u0131r ve bu da seks bebeklerinin daha seksi g\u00f6r\u00fcnmesini sa\u011flayabilir.<\/p>","protected":false},"featured_media":16975,"comment_status":"open","ping_status":"closed","template":"","meta":[],"product_brand":[],"product_cat":[83],"product_tag":[],"class_list":{"0":"post-16974","1":"product","2":"type-product","3":"status-publish","4":"has-post-thumbnail","6":"product_cat-sex-doll-accessories","8":"first","9":"instock","10":"sale","11":"shipping-taxable","12":"purchasable","13":"product-type-variable","14":"has-default-attributes"},"_links":{"self":[{"href":"https:\/\/www.sexdollmini.com\/tr\/wp-json\/wp\/v2\/product\/16974","targetHints":{"allow":["GET"]}}],"collection":[{"href":"https:\/\/www.sexdollmini.com\/tr\/wp-json\/wp\/v2\/product"}],"about":[{"href":"https:\/\/www.sexdollmini.com\/tr\/wp-json\/wp\/v2\/types\/product"}],"replies":[{"embeddable":true,"href":"https:\/\/www.sexdollmini.com\/tr\/wp-json\/wp\/v2\/comments?post=16974"}],"wp:featuredmedia":[{"embeddable":true,"href":"https:\/\/www.sexdollmini.com\/tr\/wp-json\/wp\/v2\/media\/16975"}],"wp:attachment":[{"href":"https:\/\/www.sexdollmini.com\/tr\/wp-json\/wp\/v2\/media?parent=16974"}],"wp:term":[{"taxonomy":"product_brand","embeddable":true,"href":"https:\/\/www.sexdollmini.com\/tr\/wp-json\/wp\/v2\/product_brand?post=16974"},{"taxonomy":"product_cat","embeddable":true,"href":"https:\/\/www.sexdollmini.com\/tr\/wp-json\/wp\/v2\/product_cat?post=16974"},{"taxonomy":"product_tag","embeddable":true,"href":"https:\/\/www.sexdollmini.com\/tr\/wp-json\/wp\/v2\/product_tag?post=16974"}],"curies":[{"name":"wp","href":"https:\/\/api.w.org\/{rel}","templated":true}]}}