{"id":16987,"date":"2025-07-15T01:19:18","date_gmt":"2025-07-15T08:19:18","guid":{"rendered":"https:\/\/www.sexdollmini.com\/?post_type=product&#038;p=16987"},"modified":"2025-07-29T20:23:56","modified_gmt":"2025-07-30T03:23:56","slug":"small-dress-mini-sex-doll","status":"publish","type":"product","link":"https:\/\/www.sexdollmini.com\/tr\/urun\/small-dress-mini-sex-doll\/","title":{"rendered":"Mini Seks Bebekleri i\u00e7in \u015e\u0131k K\u00fc\u00e7\u00fck Elbise"},"content":{"rendered":"<p>&nbsp;<\/p>\n<p>Beden S\/5: \u00f6nerilen boy: 106-112CM; \u00f6nerilen kilo: 16-20KG<\/p>\n<p>Beden M\/6: \u00f6nerilen boy: 112-118CM; \u00f6nerilen kilo: 18-23KG<\/p>\n<p>Beden L\/7: \u00d6nerilen boy: 118-124CM; \u00d6nerilen kilo: 20-26KG<\/p>\n<p>&nbsp;<\/p>\n<p>Manuel \u00f6l\u00e7\u00fcm nedeniyle 2-3 cm hata pay\u0131 b\u0131rak\u0131n.<\/p>","protected":false},"excerpt":{"rendered":"<p>Beyaz etekler \u00e7e\u015fitli bedenlerde mevcuttur.<\/p>","protected":false},"featured_media":16992,"comment_status":"open","ping_status":"closed","template":"","meta":[],"product_brand":[],"product_cat":[83],"product_tag":[],"class_list":{"0":"post-16987","1":"product","2":"type-product","3":"status-publish","4":"has-post-thumbnail","6":"product_cat-sex-doll-accessories","8":"first","9":"instock","10":"sale","11":"shipping-taxable","12":"purchasable","13":"product-type-variable","14":"has-default-attributes"},"_links":{"self":[{"href":"https:\/\/www.sexdollmini.com\/tr\/wp-json\/wp\/v2\/product\/16987","targetHints":{"allow":["GET"]}}],"collection":[{"href":"https:\/\/www.sexdollmini.com\/tr\/wp-json\/wp\/v2\/product"}],"about":[{"href":"https:\/\/www.sexdollmini.com\/tr\/wp-json\/wp\/v2\/types\/product"}],"replies":[{"embeddable":true,"href":"https:\/\/www.sexdollmini.com\/tr\/wp-json\/wp\/v2\/comments?post=16987"}],"wp:featuredmedia":[{"embeddable":true,"href":"https:\/\/www.sexdollmini.com\/tr\/wp-json\/wp\/v2\/media\/16992"}],"wp:attachment":[{"href":"https:\/\/www.sexdollmini.com\/tr\/wp-json\/wp\/v2\/media?parent=16987"}],"wp:term":[{"taxonomy":"product_brand","embeddable":true,"href":"https:\/\/www.sexdollmini.com\/tr\/wp-json\/wp\/v2\/product_brand?post=16987"},{"taxonomy":"product_cat","embeddable":true,"href":"https:\/\/www.sexdollmini.com\/tr\/wp-json\/wp\/v2\/product_cat?post=16987"},{"taxonomy":"product_tag","embeddable":true,"href":"https:\/\/www.sexdollmini.com\/tr\/wp-json\/wp\/v2\/product_tag?post=16987"}],"curies":[{"name":"wp","href":"https:\/\/api.w.org\/{rel}","templated":true}]}}