{"id":17017,"date":"2025-07-15T05:56:05","date_gmt":"2025-07-15T12:56:05","guid":{"rendered":"https:\/\/www.sexdollmini.com\/?post_type=product&#038;p=17017"},"modified":"2026-04-16T03:35:41","modified_gmt":"2026-04-16T10:35:41","slug":"body-gel-lubricant-sex-doll","status":"publish","type":"product","link":"https:\/\/www.sexdollmini.com\/tr\/urun\/body-gel-lubricant-sex-doll\/","title":{"rendered":"Seks Bebekleri \u0130\u00e7in V\u00fccut Jeli Kayganla\u015ft\u0131r\u0131c\u0131"},"content":{"rendered":"<p>80 ml&#039;lik kayganla\u015ft\u0131r\u0131c\u0131 \u015fi\u015fesi vajinal, anal, meme ve oral seks dahil olmak \u00fczere bir\u00e7ok alanda kullan\u0131labilir.<\/p>\n<p>&nbsp;<\/p>\n<p><img decoding=\"async\" src=\"https:\/\/www.sexdollmini.com\/wp-content\/themes\/woodmart\/images\/lazy.svg\" data-src=\"https:\/\/www.sexdollmini.com\/wp-content\/uploads\/2025\/07\/01.webp\" height=\"1000\" width=\"1000\" class=\"aligncenter wp-image-17024 size-full\" alt=\"Cinsel sa\u011fl\u0131k i\u00e7in ideal, kolay temizlenen, kaygan ve p\u00fcr\u00fczs\u00fcz bir hisle yak\u0131nl\u0131\u011f\u0131 art\u0131ran kiraz ve \u00e7ilek aromal\u0131 suda \u00e7\u00f6z\u00fcnen kayganla\u015ft\u0131r\u0131c\u0131lar.\" title=\"-\" srcset=\"\" data-srcset=\"https:\/\/www.sexdollmini.com\/wp-content\/uploads\/2025\/07\/01.webp 1000w, https:\/\/www.sexdollmini.com\/wp-content\/uploads\/2025\/07\/01-150x150.webp 150w, https:\/\/www.sexdollmini.com\/wp-content\/uploads\/2025\/07\/01-700x700.webp 700w, https:\/\/www.sexdollmini.com\/wp-content\/uploads\/2025\/07\/01-300x300.webp 300w, https:\/\/www.sexdollmini.com\/wp-content\/uploads\/2025\/07\/01-800x800.webp 800w, https:\/\/www.sexdollmini.com\/wp-content\/uploads\/2025\/07\/01-768x768.webp 768w\" sizes=\"(max-width: 1000px) 100vw, 1000px\" \/>  <img decoding=\"async\" class=\"aligncenter wp-image-17025 size-full\" src=\"https:\/\/www.sexdollmini.com\/wp-content\/themes\/woodmart\/images\/lazy.svg\" data-src=\"https:\/\/www.sexdollmini.com\/wp-content\/uploads\/2025\/07\/2.webp\" alt=\"\" width=\"1000\" height=\"1000\" title=\"-\" srcset=\"\" data-srcset=\"https:\/\/www.sexdollmini.com\/wp-content\/uploads\/2025\/07\/2.webp 1000w, https:\/\/www.sexdollmini.com\/wp-content\/uploads\/2025\/07\/2-150x150.webp 150w, https:\/\/www.sexdollmini.com\/wp-content\/uploads\/2025\/07\/2-700x700.webp 700w, https:\/\/www.sexdollmini.com\/wp-content\/uploads\/2025\/07\/2-300x300.webp 300w, https:\/\/www.sexdollmini.com\/wp-content\/uploads\/2025\/07\/2-800x800.webp 800w, https:\/\/www.sexdollmini.com\/wp-content\/uploads\/2025\/07\/2-768x768.webp 768w\" sizes=\"(max-width: 1000px) 100vw, 1000px\" \/><\/p>","protected":false},"excerpt":{"rendered":"<p>Seks bebe\u011fiyle cinsel ili\u015fkiye girdi\u011finizde cinsel organlar\u0131n uyar\u0131lmas\u0131n\u0131 art\u0131rmak i\u00e7in uygun miktarda kayganla\u015ft\u0131r\u0131c\u0131 kullanabilirsiniz.<\/p>","protected":false},"featured_media":17021,"comment_status":"open","ping_status":"closed","template":"","meta":[],"product_brand":[],"product_cat":[83],"product_tag":[],"class_list":{"0":"post-17017","1":"product","2":"type-product","3":"status-publish","4":"has-post-thumbnail","6":"product_cat-sex-doll-accessories","8":"first","9":"instock","10":"sale","11":"shipping-taxable","12":"purchasable","13":"product-type-variable","14":"has-default-attributes"},"_links":{"self":[{"href":"https:\/\/www.sexdollmini.com\/tr\/wp-json\/wp\/v2\/product\/17017","targetHints":{"allow":["GET"]}}],"collection":[{"href":"https:\/\/www.sexdollmini.com\/tr\/wp-json\/wp\/v2\/product"}],"about":[{"href":"https:\/\/www.sexdollmini.com\/tr\/wp-json\/wp\/v2\/types\/product"}],"replies":[{"embeddable":true,"href":"https:\/\/www.sexdollmini.com\/tr\/wp-json\/wp\/v2\/comments?post=17017"}],"wp:featuredmedia":[{"embeddable":true,"href":"https:\/\/www.sexdollmini.com\/tr\/wp-json\/wp\/v2\/media\/17021"}],"wp:attachment":[{"href":"https:\/\/www.sexdollmini.com\/tr\/wp-json\/wp\/v2\/media?parent=17017"}],"wp:term":[{"taxonomy":"product_brand","embeddable":true,"href":"https:\/\/www.sexdollmini.com\/tr\/wp-json\/wp\/v2\/product_brand?post=17017"},{"taxonomy":"product_cat","embeddable":true,"href":"https:\/\/www.sexdollmini.com\/tr\/wp-json\/wp\/v2\/product_cat?post=17017"},{"taxonomy":"product_tag","embeddable":true,"href":"https:\/\/www.sexdollmini.com\/tr\/wp-json\/wp\/v2\/product_tag?post=17017"}],"curies":[{"name":"wp","href":"https:\/\/api.w.org\/{rel}","templated":true}]}}