{"id":17061,"date":"2025-07-16T01:05:59","date_gmt":"2025-07-16T08:05:59","guid":{"rendered":"https:\/\/www.sexdollmini.com\/?post_type=product&#038;p=17061"},"modified":"2025-08-05T20:24:07","modified_gmt":"2025-08-06T03:24:07","slug":"anime-cosplay-wig-sex-doll","status":"publish","type":"product","link":"https:\/\/www.sexdollmini.com\/tr\/urun\/anime-cosplay-wig-sex-doll\/","title":{"rendered":"Seks Bebekleri i\u00e7in Anime Cosplay Peruklar\u0131"},"content":{"rendered":"<p>Mor peruk ayarlanabilir ve farkl\u0131 ba\u015f boyutlar\u0131na uyacak \u015fekilde ba\u015f \u015fekline g\u00f6re ayarlanabilir. Farkl\u0131 boylardaki seks bebekleri i\u00e7in m\u00fckemmeldir.<br \/>\nPeruk ba\u015fl\u0131\u011f\u0131 kal\u0131n liflerden olu\u015fur, yumu\u015fak ve do\u011fald\u0131r ve peruk teslim al\u0131nd\u0131ktan sonra kendiniz yeniden \u015fekillendirilebilir, kesilebilir, d\u00fczle\u015ftirilebilir veya k\u0131vr\u0131labilir.<\/p>\n<p>&nbsp;<\/p>\n<p><img decoding=\"async\" class=\"aligncenter wp-image-17068 size-full\" src=\"https:\/\/www.sexdollmini.com\/wp-content\/themes\/woodmart\/images\/lazy.svg\" data-src=\"https:\/\/www.sexdollmini.com\/wp-content\/uploads\/2025\/07\/6-1.avif\" alt=\"\" width=\"800\" height=\"800\" title=\"-\"><\/p>\n<p><img decoding=\"async\" class=\"aligncenter wp-image-17704 size-full\" src=\"https:\/\/www.sexdollmini.com\/wp-content\/themes\/woodmart\/images\/lazy.svg\" data-src=\"https:\/\/www.sexdollmini.com\/wp-content\/uploads\/2025\/07\/Anime-Cosplay-Wig-for-Sex-Dolls-Accessories.jpg\" alt=\"\" width=\"800\" height=\"1352\" title=\"-\" srcset=\"\" data-srcset=\"https:\/\/www.sexdollmini.com\/wp-content\/uploads\/2025\/07\/Anime-Cosplay-Wig-for-Sex-Dolls-Accessories.jpg 800w, https:\/\/www.sexdollmini.com\/wp-content\/uploads\/2025\/07\/Anime-Cosplay-Wig-for-Sex-Dolls-Accessories-178x300.jpg 178w, https:\/\/www.sexdollmini.com\/wp-content\/uploads\/2025\/07\/Anime-Cosplay-Wig-for-Sex-Dolls-Accessories-473x800.jpg 473w, https:\/\/www.sexdollmini.com\/wp-content\/uploads\/2025\/07\/Anime-Cosplay-Wig-for-Sex-Dolls-Accessories-768x1298.jpg 768w, https:\/\/www.sexdollmini.com\/wp-content\/uploads\/2025\/07\/Anime-Cosplay-Wig-for-Sex-Dolls-Accessories-7x12.jpg 7w, https:\/\/www.sexdollmini.com\/wp-content\/uploads\/2025\/07\/Anime-Cosplay-Wig-for-Sex-Dolls-Accessories-700x1183.jpg 700w, https:\/\/www.sexdollmini.com\/wp-content\/uploads\/2025\/07\/Anime-Cosplay-Wig-for-Sex-Dolls-Accessories-150x254.jpg 150w\" sizes=\"(max-width: 800px) 100vw, 800px\" \/><\/p>\n<p>Manuel \u00f6l\u00e7\u00fcm nedeniyle 2-3 cm hata pay\u0131 b\u0131rak\u0131n. \u00dcretim s\u00fcreci, \u0131\u015f\u0131k efektleri ve bilgisayar ekranlar\u0131ndan dolay\u0131 baz\u0131 renk ve sa\u00e7 modeli farkl\u0131l\u0131klar\u0131 olabilir.<\/p>","protected":false},"excerpt":{"rendered":"<p>Mor peruklar Cad\u0131lar Bayram\u0131, tema partileri, cosplay ve bulu\u015fma gibi \u00e7e\u015fitli durumlar i\u00e7in m\u00fckemmeldir.<\/p>","protected":false},"featured_media":17064,"comment_status":"open","ping_status":"closed","template":"","meta":[],"product_brand":[],"product_cat":[83],"product_tag":[],"class_list":{"0":"post-17061","1":"product","2":"type-product","3":"status-publish","4":"has-post-thumbnail","6":"product_cat-sex-doll-accessories","8":"first","9":"instock","10":"sale","11":"shipping-taxable","12":"purchasable","13":"product-type-simple"},"_links":{"self":[{"href":"https:\/\/www.sexdollmini.com\/tr\/wp-json\/wp\/v2\/product\/17061","targetHints":{"allow":["GET"]}}],"collection":[{"href":"https:\/\/www.sexdollmini.com\/tr\/wp-json\/wp\/v2\/product"}],"about":[{"href":"https:\/\/www.sexdollmini.com\/tr\/wp-json\/wp\/v2\/types\/product"}],"replies":[{"embeddable":true,"href":"https:\/\/www.sexdollmini.com\/tr\/wp-json\/wp\/v2\/comments?post=17061"}],"wp:featuredmedia":[{"embeddable":true,"href":"https:\/\/www.sexdollmini.com\/tr\/wp-json\/wp\/v2\/media\/17064"}],"wp:attachment":[{"href":"https:\/\/www.sexdollmini.com\/tr\/wp-json\/wp\/v2\/media?parent=17061"}],"wp:term":[{"taxonomy":"product_brand","embeddable":true,"href":"https:\/\/www.sexdollmini.com\/tr\/wp-json\/wp\/v2\/product_brand?post=17061"},{"taxonomy":"product_cat","embeddable":true,"href":"https:\/\/www.sexdollmini.com\/tr\/wp-json\/wp\/v2\/product_cat?post=17061"},{"taxonomy":"product_tag","embeddable":true,"href":"https:\/\/www.sexdollmini.com\/tr\/wp-json\/wp\/v2\/product_tag?post=17061"}],"curies":[{"name":"wp","href":"https:\/\/api.w.org\/{rel}","templated":true}]}}