{"id":17474,"date":"2025-07-29T23:15:48","date_gmt":"2025-07-30T06:15:48","guid":{"rendered":"https:\/\/www.sexdollmini.com\/?post_type=product&#038;p=17474"},"modified":"2025-09-08T06:15:08","modified_gmt":"2025-09-08T13:15:08","slug":"jessamine-silicone-sexy-60cm-sex-doll","status":"publish","type":"product","link":"https:\/\/www.sexdollmini.com\/tr\/urun\/jessamine-silicone-sexy-60cm-sex-doll\/","title":{"rendered":"Jessamine Silikon Seksi 60 cm Seks Bebe\u011fi"},"content":{"rendered":"<p>Ger\u00e7ek\u00e7i ve kompakt bir seks bebe\u011fi ar\u0131yorsan\u0131z, 60 cm silikon seks bebe\u011fimiz ger\u00e7ek\u00e7i kalite ve kullan\u0131\u015fl\u0131 boyutun m\u00fckemmel dengesini sunar. Bu k\u00fc\u00e7\u00fck seks bebe\u011fi, tam boy bir seks bebe\u011fiyle ayn\u0131 keyfi sa\u011flaman\u0131n yan\u0131 s\u0131ra, saklamas\u0131 ve kullan\u0131m\u0131 da kolayd\u0131r. Ma\u011fazam\u0131z, ideal mini seks bebe\u011finizi bulman\u0131z\u0131 kolayla\u015ft\u0131ran \u00e7ok \u00e7e\u015fitli mini seks bebekleri sunmaktad\u0131r.<\/p>\n<p>&nbsp;<\/p>\n<p>Y\u00fckseklik: 60cm<br \/>\nG\u00f6\u011f\u00fcs: 33cm<br \/>\nBel: 21cm<br \/>\nKal\u00e7a: 36cm<br \/>\nVajinal Derinlik: 13 cm<br \/>\nAnal Derinlik: 7cm<br \/>\nA\u011f\u0131rl\u0131k: 3kg<\/p>\n<p>&nbsp;<\/p>\n<p>Silikon seks bebeklerinin \u00fcretimi i\u00e7in 2-4 g\u00fcn ek s\u00fcreye ihtiya\u00e7 vard\u0131r.<\/p>\n<p>Manuel \u00f6l\u00e7\u00fcm nedeniyle 2-4 cm&#039;lik manuel \u00f6l\u00e7\u00fcm fark\u0131na izin verin.<\/p>","protected":false},"excerpt":{"rendered":"<p>Ger\u00e7ek boyutlu seks bebeklerinin aksine, 60 cm silikon seks bebeklerimiz hafif, ta\u015f\u0131nabilir ve temizlenmesi kolayd\u0131r. Y\u00fcksek kaliteli silikondan \u00fcretilen bu bebekler, minimum bak\u0131mla leke tutmaz.<\/p>","protected":false},"featured_media":17483,"comment_status":"open","ping_status":"closed","template":"","meta":[],"product_brand":[],"product_cat":[47,74,18,81,27,23,70,28,30,38,73,41,82,79,39,66,80,40,31,69,32,77,25,33,29,20,148,21,34,72,19,85,42,44,71,76,36,35,75,37,78],"product_tag":[],"class_list":{"0":"post-17474","1":"product","2":"type-product","3":"status-publish","4":"has-post-thumbnail","6":"product_cat-60cm-sex-dolls","7":"product_cat-6ye-doll","8":"product_cat-adult-doll","9":"product_cat-aibei-doll","10":"product_cat-anime-sex-dolls","11":"product_cat-asian-sex-doll","12":"product_cat-axb-doll","13":"product_cat-blonde-sex-doll","14":"product_cat-cheap-sex-doll","15":"product_cat-chubby-sex-dolls","16":"product_cat-climax-doll","17":"product_cat-curvy-sex-dolls","18":"product_cat-dolls-castle","19":"product_cat-elsa-babe","20":"product_cat-fantasy-sex-doll","21":"product_cat-female-sex-dolls","22":"product_cat-fire-doll","23":"product_cat-full-body-sex-dolls","24":"product_cat-full-size-sex-dolls","25":"product_cat-girl-sex-dolls","26":"product_cat-hentai-sex-dolls","27":"product_cat-irontech-sex-dolls","28":"product_cat-japanese-sex-dolls","29":"product_cat-life-like-sex-dolls","30":"product_cat-life-size-sex-dolls","31":"product_cat-love-doll","32":"product_cat-midget-sex-doll","33":"product_cat-miniature-sex-doll","34":"product_cat-petite-sex-dolls","35":"product_cat-qita-doll","36":"product_cat-real-doll","37":"product_cat-silicone-sex-dolls","38":"product_cat-skinny-sex-dolls","39":"product_cat-small-breast-sex-doll","40":"product_cat-sy-doll","41":"product_cat-tantaly-sex-doll","42":"product_cat-teen-sex-dolls","43":"product_cat-tiny-sex-dolls","44":"product_cat-wm-doll","45":"product_cat-young-sex-dolls","46":"product_cat-zelex-doll","48":"first","49":"instock","50":"sale","51":"shipping-taxable","52":"purchasable","53":"product-type-simple"},"_links":{"self":[{"href":"https:\/\/www.sexdollmini.com\/tr\/wp-json\/wp\/v2\/product\/17474","targetHints":{"allow":["GET"]}}],"collection":[{"href":"https:\/\/www.sexdollmini.com\/tr\/wp-json\/wp\/v2\/product"}],"about":[{"href":"https:\/\/www.sexdollmini.com\/tr\/wp-json\/wp\/v2\/types\/product"}],"replies":[{"embeddable":true,"href":"https:\/\/www.sexdollmini.com\/tr\/wp-json\/wp\/v2\/comments?post=17474"}],"wp:featuredmedia":[{"embeddable":true,"href":"https:\/\/www.sexdollmini.com\/tr\/wp-json\/wp\/v2\/media\/17483"}],"wp:attachment":[{"href":"https:\/\/www.sexdollmini.com\/tr\/wp-json\/wp\/v2\/media?parent=17474"}],"wp:term":[{"taxonomy":"product_brand","embeddable":true,"href":"https:\/\/www.sexdollmini.com\/tr\/wp-json\/wp\/v2\/product_brand?post=17474"},{"taxonomy":"product_cat","embeddable":true,"href":"https:\/\/www.sexdollmini.com\/tr\/wp-json\/wp\/v2\/product_cat?post=17474"},{"taxonomy":"product_tag","embeddable":true,"href":"https:\/\/www.sexdollmini.com\/tr\/wp-json\/wp\/v2\/product_tag?post=17474"}],"curies":[{"name":"wp","href":"https:\/\/api.w.org\/{rel}","templated":true}]}}