{"id":18628,"date":"2025-09-14T02:25:21","date_gmt":"2025-09-14T09:25:21","guid":{"rendered":"https:\/\/www.sexdollmini.com\/?post_type=product&#038;p=18628"},"modified":"2025-09-14T07:00:56","modified_gmt":"2025-09-14T14:00:56","slug":"summer-moving-little-tpe-sex-doll","status":"publish","type":"product","link":"https:\/\/www.sexdollmini.com\/tr\/urun\/summer-moving-little-tpe-sex-doll\/","title":{"rendered":"Yaz Hareketli K\u00fc\u00e7\u00fck TPE Seks Bebe\u011fi"},"content":{"rendered":"<p>K\u00fc\u00e7\u00fck seks bebekleri, bir kad\u0131n\u0131n do\u011fal k\u0131vr\u0131mlar\u0131n\u0131 tam olarak taklit eden, \u00f6zenle tasarlanm\u0131\u015f k\u0131vr\u0131mlara sahiptir. Ancak ger\u00e7ek kad\u0131nlardan daha k\u0131sa olduklar\u0131 i\u00e7in insanlar\u0131n hareket etmesini kolayla\u015ft\u0131ran minyat\u00fcr seks bebeklerinin a\u011f\u0131rl\u0131k da\u011f\u0131l\u0131m\u0131, yumu\u015fakl\u0131\u011f\u0131 ve oranlar\u0131, ince bir modelin asla yakalayamayaca\u011f\u0131 ger\u00e7ek\u00e7i ve s\u00fcr\u00fckleyici bir deneyim yarat\u0131r.<\/p>\n<p>&nbsp;<\/p>\n<div style=\"overflow-x: auto;\">\n<table style=\"border-collapse: collapse; width: 100%; border: 1px solid #eee; border-radius: 5px; overflow: hidden;\">\n<tbody>\n<tr style=\"background-color: black; color: white; text-align: center;\">\n<td style=\"font-weight: bold; border: 1px solid #eee; padding: 8px;\">Y\u00fckseklik<\/td>\n<td style=\"border: 1px solid #eee; padding: 8px;\">100 cm<\/td>\n<td style=\"border: 1px solid #eee; padding: 8px;\">110 cm<\/td>\n<td style=\"border: 1px solid #eee; padding: 8px;\">125 cm<\/td>\n<\/tr>\n<tr style=\"background-color: white; text-align: center;\">\n<td style=\"font-weight: bold; border: 1px solid #eee; padding: 8px;\">Bask\u0131n yapmak<\/td>\n<td style=\"border: 1px solid #eee; padding: 8px;\">55<\/td>\n<td style=\"border: 1px solid #eee; padding: 8px;\">55<\/td>\n<td style=\"border: 1px solid #eee; padding: 8px;\">61<\/td>\n<\/tr>\n<tr style=\"background-color: #f7f7f7; text-align: center;\">\n<td style=\"font-weight: bold; border: 1px solid #eee; padding: 8px;\">Bel<\/td>\n<td style=\"border: 1px solid #eee; padding: 8px;\">36<\/td>\n<td style=\"border: 1px solid #eee; padding: 8px;\">35<\/td>\n<td style=\"border: 1px solid #eee; padding: 8px;\">39<\/td>\n<\/tr>\n<tr style=\"background-color: white; text-align: center;\">\n<td style=\"font-weight: bold; border: 1px solid #eee; padding: 8px;\">Belki<\/td>\n<td style=\"border: 1px solid #eee; padding: 8px;\">58<\/td>\n<td style=\"border: 1px solid #eee; padding: 8px;\">59<\/td>\n<td style=\"border: 1px solid #eee; padding: 8px;\">71<\/td>\n<\/tr>\n<tr style=\"background-color: #f7f7f7; text-align: center;\">\n<td style=\"font-weight: bold; border: 1px solid #eee; padding: 8px;\">Boyun<\/td>\n<td style=\"border: 1px solid #eee; padding: 8px;\">18<\/td>\n<td style=\"border: 1px solid #eee; padding: 8px;\">11<\/td>\n<td style=\"border: 1px solid #eee; padding: 8px;\">22<\/td>\n<\/tr>\n<tr style=\"background-color: white; text-align: center;\">\n<td style=\"font-weight: bold; border: 1px solid #eee; padding: 8px;\">Omuz geni\u015fli\u011fi<\/td>\n<td style=\"border: 1px solid #eee; padding: 8px;\">19<\/td>\n<td style=\"border: 1px solid #eee; padding: 8px;\">19<\/td>\n<td style=\"border: 1px solid #eee; padding: 8px;\">24<\/td>\n<\/tr>\n<tr style=\"background-color: #f7f7f7; text-align: center;\">\n<td style=\"font-weight: bold; border: 1px solid #eee; padding: 8px;\">Kol uzunlu\u011fu<\/td>\n<td style=\"border: 1px solid #eee; padding: 8px;\">41<\/td>\n<td style=\"border: 1px solid #eee; padding: 8px;\">41<\/td>\n<td style=\"border: 1px solid #eee; padding: 8px;\">50<\/td>\n<\/tr>\n<tr style=\"background-color: white; text-align: center;\">\n<td style=\"font-weight: bold; border: 1px solid #eee; padding: 8px;\">Uyluk uzunlu\u011fu<\/td>\n<td style=\"border: 1px solid #eee; padding: 8px;\">20<\/td>\n<td style=\"border: 1px solid #eee; padding: 8px;\">22<\/td>\n<td style=\"border: 1px solid #eee; padding: 8px;\">25<\/td>\n<\/tr>\n<tr style=\"background-color: #f7f7f7; text-align: center;\">\n<td style=\"font-weight: bold; border: 1px solid #eee; padding: 8px;\">Uyluk \u00e7evresi<\/td>\n<td style=\"border: 1px solid #eee; padding: 8px;\">32<\/td>\n<td style=\"border: 1px solid #eee; padding: 8px;\">33<\/td>\n<td style=\"border: 1px solid #eee; padding: 8px;\">29<\/td>\n<\/tr>\n<tr style=\"background-color: white; text-align: center;\">\n<td style=\"font-weight: bold; border: 1px solid #eee; padding: 8px;\">Bacak uzunlu\u011fu<\/td>\n<td style=\"border: 1px solid #eee; padding: 8px;\">25<\/td>\n<td style=\"border: 1px solid #eee; padding: 8px;\">29<\/td>\n<td style=\"border: 1px solid #eee; padding: 8px;\">37<\/td>\n<\/tr>\n<tr style=\"background-color: #f7f7f7; text-align: center;\">\n<td style=\"font-weight: bold; border: 1px solid #eee; padding: 8px;\">Palmiye<\/td>\n<td style=\"border: 1px solid #eee; padding: 8px;\">11<\/td>\n<td style=\"border: 1px solid #eee; padding: 8px;\">11<\/td>\n<td style=\"border: 1px solid #eee; padding: 8px;\">12.5<\/td>\n<\/tr>\n<tr style=\"background-color: white; text-align: center;\">\n<td style=\"font-weight: bold; border: 1px solid #eee; padding: 8px;\">Ayak uzunlu\u011funda<\/td>\n<td style=\"border: 1px solid #eee; padding: 8px;\">13<\/td>\n<td style=\"border: 1px solid #eee; padding: 8px;\">15<\/td>\n<td style=\"border: 1px solid #eee; padding: 8px;\">15<\/td>\n<\/tr>\n<tr style=\"background-color: #f7f7f7; text-align: center;\">\n<td style=\"font-weight: bold; border: 1px solid #eee; padding: 8px;\">Net a\u011f\u0131rl\u0131\u011f\u0131<\/td>\n<td style=\"border: 1px solid #eee; padding: 8px;\">12.5<\/td>\n<td style=\"border: 1px solid #eee; padding: 8px;\">14<\/td>\n<td style=\"border: 1px solid #eee; padding: 8px;\">17<\/td>\n<\/tr>\n<tr style=\"background-color: white; text-align: center;\">\n<td style=\"font-weight: bold; border: 1px solid #eee; padding: 8px;\">A\u011f\u0131z derinli\u011fi<\/td>\n<td style=\"border: 1px solid #eee; padding: 8px;\">12<\/td>\n<td style=\"border: 1px solid #eee; padding: 8px;\">12<\/td>\n<td style=\"border: 1px solid #eee; padding: 8px;\">15<\/td>\n<\/tr>\n<tr style=\"background-color: #f7f7f7; text-align: center;\">\n<td style=\"font-weight: bold; border: 1px solid #eee; padding: 8px;\">Vajinan\u0131n derinli\u011fi<\/td>\n<td style=\"border: 1px solid #eee; padding: 8px;\">15<\/td>\n<td style=\"border: 1px solid #eee; padding: 8px;\">15<\/td>\n<td style=\"border: 1px solid #eee; padding: 8px;\">16<\/td>\n<\/tr>\n<tr style=\"background-color: white; text-align: center;\">\n<td style=\"font-weight: bold; border: 1px solid #eee; padding: 8px;\">An\u00fcs\u00fcn derinli\u011fi<\/td>\n<td style=\"border: 1px solid #eee; padding: 8px;\">15<\/td>\n<td style=\"border: 1px solid #eee; padding: 8px;\">15<\/td>\n<td style=\"border: 1px solid #eee; padding: 8px;\">16<\/td>\n<\/tr>\n<tr style=\"background-color: #f7f7f7; text-align: center;\">\n<td style=\"font-weight: bold; border: 1px solid #eee; padding: 8px;\">Paketlenmi\u015f a\u011f\u0131rl\u0131k<\/td>\n<td style=\"border: 1px solid #eee; padding: 8px;\">14<\/td>\n<td style=\"border: 1px solid #eee; padding: 8px;\">16<\/td>\n<td style=\"border: 1px solid #eee; padding: 8px;\">19.5<\/td>\n<\/tr>\n<tr style=\"background-color: white; text-align: center;\">\n<td style=\"font-weight: bold; border: 1px solid #eee; padding: 8px;\">Paket boyutu<\/td>\n<td style=\"border: 1px solid #eee; padding: 8px;\">92*30*22<\/td>\n<td style=\"border: 1px solid #eee; padding: 8px;\">97*30*22<\/td>\n<td style=\"border: 1px solid #eee; padding: 8px;\">113*30*22<\/td>\n<\/tr>\n<tr style=\"background-color: #f7f7f7; text-align: center;\">\n<td style=\"font-weight: bold; border: 1px solid #eee; padding: 8px;\">Paket Listesi<\/td>\n<td style=\"border: 1px solid #eee; padding: 8px;\" colspan=\"3\">\u0130\u00e7indekiler: 1 adet seks bebe\u011fi, 1 adet rastgele peruk, 1 \u00e7ift g\u00f6z, 1 adet rastgele i\u00e7 \u00e7ama\u015f\u0131r\u0131 seti, 1 \u00e7ift eldiven ve 1 adet tarak.<\/td>\n<\/tr>\n<\/tbody>\n<\/table>\n<\/div>\n<p style=\"font-size: 14px; color: #555; text-align: center; margin-top: 10px;\">Not: T\u00fcm \u00f6l\u00e7\u00fcmler manuel olarak al\u0131nm\u0131\u015ft\u0131r. 1-3 cm&#039;lik bir sapma normal kabul edilir.<\/p>\n\n<p>&nbsp;<\/p>\n<p>&nbsp;<\/p>","protected":false},"excerpt":{"rendered":"<p>Minyat\u00fcr seks bebekleri, yumu\u015fak ve olduk\u00e7a elastik olan TPE malzemeden \u00fcretiliyor ve bu sayede yak\u0131nl\u0131\u011f\u0131 \u00f6nemli \u00f6l\u00e7\u00fcde art\u0131ran ger\u00e7ek\u00e7i bir dokunu\u015f sunuyor.<\/p>","protected":false},"featured_media":18644,"comment_status":"open","ping_status":"closed","template":"","meta":[],"product_brand":[],"product_cat":[53,55,56,57,74,18,81,24,27,23,64,70,28,65,30,38,73,41,82,79,62,26,39,66,80,40,31,69,32,77,25,33,29,20,148,21,34,72,19,42,44,71,76,36,35,84,63,61,75,37,78],"product_tag":[],"class_list":{"0":"post-18628","1":"product","2":"type-product","3":"status-publish","4":"has-post-thumbnail","6":"product_cat-100cm-sex-dolls","7":"product_cat-110cm-sex-dolls","8":"product_cat-120cm-sex-dolls","9":"product_cat-125cm-sex-dolls","10":"product_cat-6ye-doll","11":"product_cat-adult-doll","12":"product_cat-aibei-doll","13":"product_cat-american-sex-doll","14":"product_cat-anime-sex-dolls","15":"product_cat-asian-sex-doll","16":"product_cat-australia-stock-sex-doll","17":"product_cat-axb-doll","18":"product_cat-blonde-sex-doll","19":"product_cat-canada-stock-sex-doll","20":"product_cat-cheap-sex-doll","21":"product_cat-chubby-sex-dolls","22":"product_cat-climax-doll","23":"product_cat-curvy-sex-dolls","24":"product_cat-dolls-castle","25":"product_cat-elsa-babe","26":"product_cat-eu-stock-sex-doll","27":"product_cat-european-sex-dolls","28":"product_cat-fantasy-sex-doll","29":"product_cat-female-sex-dolls","30":"product_cat-fire-doll","31":"product_cat-full-body-sex-dolls","32":"product_cat-full-size-sex-dolls","33":"product_cat-girl-sex-dolls","34":"product_cat-hentai-sex-dolls","35":"product_cat-irontech-sex-dolls","36":"product_cat-japanese-sex-dolls","37":"product_cat-life-like-sex-dolls","38":"product_cat-life-size-sex-dolls","39":"product_cat-love-doll","40":"product_cat-midget-sex-doll","41":"product_cat-miniature-sex-doll","42":"product_cat-petite-sex-dolls","43":"product_cat-qita-doll","44":"product_cat-real-doll","45":"product_cat-skinny-sex-dolls","46":"product_cat-small-breast-sex-doll","47":"product_cat-sy-doll","48":"product_cat-tantaly-sex-doll","49":"product_cat-teen-sex-dolls","50":"product_cat-tiny-sex-dolls","51":"product_cat-tpe-sex-dolls","52":"product_cat-uk-stock-sex-doll","53":"product_cat-us-stock-sex-dolls","54":"product_cat-wm-doll","55":"product_cat-young-sex-dolls","56":"product_cat-zelex-doll","58":"first","59":"instock","60":"sale","61":"shipping-taxable","62":"purchasable","63":"product-type-variable","64":"has-default-attributes"},"_links":{"self":[{"href":"https:\/\/www.sexdollmini.com\/tr\/wp-json\/wp\/v2\/product\/18628","targetHints":{"allow":["GET"]}}],"collection":[{"href":"https:\/\/www.sexdollmini.com\/tr\/wp-json\/wp\/v2\/product"}],"about":[{"href":"https:\/\/www.sexdollmini.com\/tr\/wp-json\/wp\/v2\/types\/product"}],"replies":[{"embeddable":true,"href":"https:\/\/www.sexdollmini.com\/tr\/wp-json\/wp\/v2\/comments?post=18628"}],"wp:featuredmedia":[{"embeddable":true,"href":"https:\/\/www.sexdollmini.com\/tr\/wp-json\/wp\/v2\/media\/18644"}],"wp:attachment":[{"href":"https:\/\/www.sexdollmini.com\/tr\/wp-json\/wp\/v2\/media?parent=18628"}],"wp:term":[{"taxonomy":"product_brand","embeddable":true,"href":"https:\/\/www.sexdollmini.com\/tr\/wp-json\/wp\/v2\/product_brand?post=18628"},{"taxonomy":"product_cat","embeddable":true,"href":"https:\/\/www.sexdollmini.com\/tr\/wp-json\/wp\/v2\/product_cat?post=18628"},{"taxonomy":"product_tag","embeddable":true,"href":"https:\/\/www.sexdollmini.com\/tr\/wp-json\/wp\/v2\/product_tag?post=18628"}],"curies":[{"name":"wp","href":"https:\/\/api.w.org\/{rel}","templated":true}]}}