{"id":18881,"date":"2025-09-24T03:21:14","date_gmt":"2025-09-24T10:21:14","guid":{"rendered":"https:\/\/www.sexdollmini.com\/?post_type=product&#038;p=18881"},"modified":"2025-10-14T21:58:06","modified_gmt":"2025-10-15T04:58:06","slug":"elizabeth-140cm-girl-flat-sex-doll","status":"publish","type":"product","link":"https:\/\/www.sexdollmini.com\/tr\/urun\/elizabeth-140cm-girl-flat-sex-doll\/","title":{"rendered":"Elizabeth 138cm K\u0131z D\u00fcz Seks Bebe\u011fi"},"content":{"rendered":"<h2>Seks bebeklerinin detaylar\u0131<\/h2>\n<p>140 cm&#039;lik bu seks bebe\u011fi, oyuncu bir k\u0131z gibi giyinmi\u015f. Bronz ten rengi, seks bebe\u011finin ger\u00e7ek\u00e7i ve sa\u011fl\u0131kl\u0131 g\u00f6r\u00fcnmesini sa\u011fl\u0131yor. \u00c7\u0131plak seks bebe\u011fini ald\u0131\u011f\u0131n\u0131zda \u00e7ok canl\u0131 g\u00f6r\u00fcnmeyebilir, ancak onu daha da sevimli ve ger\u00e7ek\u00e7i hale getirmek i\u00e7in narin makyaj, peruklar ve sevimli k\u0131yafetlerle \u00f6zenle giydirebilirsiniz.<\/p>\n<p>&nbsp;<\/p>\n<p>Y\u00fckseklik: 138cm<br \/>\nG\u00f6\u011f\u00fcs: 65cm<br \/>\nBel: 49cm<br \/>\nKal\u00e7a: 75cm<br \/>\nAn\u00fcs Derinli\u011fi: 17cm<br \/>\nVajina Derinli\u011fi: 17 cm<br \/>\nA\u011f\u0131z Derinli\u011fi: 12cm<br \/>\nNet A\u011f\u0131rl\u0131k: 22kg<br \/>\nBr\u00fct A\u011f\u0131rl\u0131k: 27kg<\/p>\n<p>&nbsp;<\/p>\n<p>Manuel \u00f6l\u00e7\u00fcm nedeniyle 2-4 cm&#039;lik manuel \u00f6l\u00e7\u00fcm fark\u0131na izin verin.<\/p>","protected":false},"excerpt":{"rendered":"<p>Bu TPE seks bebe\u011fi, nispeten d\u00fcz olan g\u00f6\u011fs\u00fcyle di\u011fer seks bebeklerinden farkl\u0131d\u0131r. Ayr\u0131ca a\u011f\u0131z, vajina ve an\u00fcs olmak \u00fczere \u00fc\u00e7 kullan\u0131labilir kanala sahiptir.<\/p>","protected":false},"featured_media":18882,"comment_status":"open","ping_status":"closed","template":"","meta":[],"product_brand":[],"product_cat":[145,59,74,18,81,24,27,23,70,28,30,38,73,41,82,79,62,26,39,66,80,43,40,31,69,32,77,25,33,29,20,21,34,72,19,42,44,71,76,36,35,84,61,75,37,78],"product_tag":[],"class_list":{"0":"post-18881","1":"product","2":"type-product","3":"status-publish","4":"has-post-thumbnail","6":"product_cat-135cm-sex-doll","7":"product_cat-140cm-sex-dolls","8":"product_cat-6ye-doll","9":"product_cat-adult-doll","10":"product_cat-aibei-doll","11":"product_cat-american-sex-doll","12":"product_cat-anime-sex-dolls","13":"product_cat-asian-sex-doll","14":"product_cat-axb-doll","15":"product_cat-blonde-sex-doll","16":"product_cat-cheap-sex-doll","17":"product_cat-chubby-sex-dolls","18":"product_cat-climax-doll","19":"product_cat-curvy-sex-dolls","20":"product_cat-dolls-castle","21":"product_cat-elsa-babe","22":"product_cat-eu-stock-sex-doll","23":"product_cat-european-sex-dolls","24":"product_cat-fantasy-sex-doll","25":"product_cat-female-sex-dolls","26":"product_cat-fire-doll","27":"product_cat-flat-chested-sex-doll","28":"product_cat-full-body-sex-dolls","29":"product_cat-full-size-sex-dolls","30":"product_cat-girl-sex-dolls","31":"product_cat-hentai-sex-dolls","32":"product_cat-irontech-sex-dolls","33":"product_cat-japanese-sex-dolls","34":"product_cat-life-like-sex-dolls","35":"product_cat-life-size-sex-dolls","36":"product_cat-love-doll","37":"product_cat-miniature-sex-doll","38":"product_cat-petite-sex-dolls","39":"product_cat-qita-doll","40":"product_cat-real-doll","41":"product_cat-skinny-sex-dolls","42":"product_cat-small-breast-sex-doll","43":"product_cat-sy-doll","44":"product_cat-tantaly-sex-doll","45":"product_cat-teen-sex-dolls","46":"product_cat-tiny-sex-dolls","47":"product_cat-tpe-sex-dolls","48":"product_cat-us-stock-sex-dolls","49":"product_cat-wm-doll","50":"product_cat-young-sex-dolls","51":"product_cat-zelex-doll","53":"first","54":"instock","55":"sale","56":"shipping-taxable","57":"purchasable","58":"product-type-simple"},"_links":{"self":[{"href":"https:\/\/www.sexdollmini.com\/tr\/wp-json\/wp\/v2\/product\/18881","targetHints":{"allow":["GET"]}}],"collection":[{"href":"https:\/\/www.sexdollmini.com\/tr\/wp-json\/wp\/v2\/product"}],"about":[{"href":"https:\/\/www.sexdollmini.com\/tr\/wp-json\/wp\/v2\/types\/product"}],"replies":[{"embeddable":true,"href":"https:\/\/www.sexdollmini.com\/tr\/wp-json\/wp\/v2\/comments?post=18881"}],"wp:featuredmedia":[{"embeddable":true,"href":"https:\/\/www.sexdollmini.com\/tr\/wp-json\/wp\/v2\/media\/18882"}],"wp:attachment":[{"href":"https:\/\/www.sexdollmini.com\/tr\/wp-json\/wp\/v2\/media?parent=18881"}],"wp:term":[{"taxonomy":"product_brand","embeddable":true,"href":"https:\/\/www.sexdollmini.com\/tr\/wp-json\/wp\/v2\/product_brand?post=18881"},{"taxonomy":"product_cat","embeddable":true,"href":"https:\/\/www.sexdollmini.com\/tr\/wp-json\/wp\/v2\/product_cat?post=18881"},{"taxonomy":"product_tag","embeddable":true,"href":"https:\/\/www.sexdollmini.com\/tr\/wp-json\/wp\/v2\/product_tag?post=18881"}],"curies":[{"name":"wp","href":"https:\/\/api.w.org\/{rel}","templated":true}]}}